{"id":191,"date":"2012-08-11T19:05:20","date_gmt":"2012-08-11T19:05:20","guid":{"rendered":"http:\/\/referenciaveterinaria.pt\/?page_id=191"},"modified":"2020-02-25T15:44:28","modified_gmt":"2020-02-25T15:44:28","slug":"neurologia-e-neurocirurgia","status":"publish","type":"page","link":"https:\/\/www.referenciaveterinaria.pt\/?page_id=191","title":{"rendered":"Neurologia e Neurocirurgia"},"content":{"rendered":"<p><em><strong>O neurologista veterin\u00e1rio analisa e soluciona as complica\u00e7\u00f5es que ocorrem em fun\u00e7\u00e3o da falha no sistema nervoso, tra\u00e7ando os caminhos a seguir para encontrar a origem de diferentes patologias e amenizar as consequ\u00eancias dos problemas neurol\u00f3gicos.<\/strong><\/em><\/p>\n<div class=\"side-by-side\"><a href=\"https:\/\/www.referenciaveterinaria.pt\/?page_id=609\"><img loading=\"lazy\" decoding=\"async\" class=\" wp-image-1683\" src=\"https:\/\/www.referenciaveterinaria.pt\/wp-content\/uploads\/2012\/08\/Bot\u00e3o_Exame-Neurol\u00f3gico_240x40_round_transp.png\" alt=\"Exame Neurol\u00f3gico\" width=\"180\" height=\"30\" srcset=\"https:\/\/www.referenciaveterinaria.pt\/wp-content\/uploads\/2012\/08\/Bot\u00e3o_Exame-Neurol\u00f3gico_240x40_round_transp.png 240w, https:\/\/www.referenciaveterinaria.pt\/wp-content\/uploads\/2012\/08\/Bot\u00e3o_Exame-Neurol\u00f3gico_240x40_round_transp-150x25.png 150w\" sizes=\"auto, (max-width: 180px) 100vw, 180px\" \/>\u00a0\u00a0\u00a0<\/a><a href=\"https:\/\/www.referenciaveterinaria.pt\/?page_id=1534\"><img loading=\"lazy\" decoding=\"async\" class=\" wp-image-1684\" src=\"https:\/\/www.referenciaveterinaria.pt\/wp-content\/uploads\/2012\/08\/Botao_Tratamento_240x40_round_transp.png\" alt=\"Tratamento de Doen\u00e7as Neurol\u00f3gicas\" width=\"180\" height=\"30\" srcset=\"https:\/\/www.referenciaveterinaria.pt\/wp-content\/uploads\/2012\/08\/Botao_Tratamento_240x40_round_transp.png 240w, https:\/\/www.referenciaveterinaria.pt\/wp-content\/uploads\/2012\/08\/Botao_Tratamento_240x40_round_transp-150x25.png 150w\" sizes=\"auto, (max-width: 180px) 100vw, 180px\" \/><\/a> \u00a0<a href=\"https:\/\/www.referenciaveterinaria.pt\/?page_id=1536\"><img loading=\"lazy\" decoding=\"async\" class=\" wp-image-1685\" src=\"https:\/\/www.referenciaveterinaria.pt\/wp-content\/uploads\/2012\/08\/Botao_Doencas-Neurologicas_240x40_round_transp.png\" alt=\"Doen\u00e7as Neurol\u00f3gicas\" width=\"180\" height=\"30\" srcset=\"https:\/\/www.referenciaveterinaria.pt\/wp-content\/uploads\/2012\/08\/Botao_Doencas-Neurologicas_240x40_round_transp.png 240w, https:\/\/www.referenciaveterinaria.pt\/wp-content\/uploads\/2012\/08\/Botao_Doencas-Neurologicas_240x40_round_transp-150x25.png 150w\" sizes=\"auto, (max-width: 180px) 100vw, 180px\" \/><\/a><\/div>\n<p><strong><br \/>\nOs gatos e os c\u00e3es necessitam de um neurologista veterin\u00e1rio?<\/strong><\/p>\n<p style=\"text-align: justify;\">A resposta simples a esta quest\u00e3o \u00e9 \u201csim\u201d.<\/p>\n<p style=\"text-align: justify;\"><img loading=\"lazy\" decoding=\"async\" class=\" wp-image-1670 alignleft\" src=\"https:\/\/www.referenciaveterinaria.pt\/wp-content\/uploads\/2012\/08\/catbrain-150x150.jpeg\" alt=\"\" width=\"107\" height=\"107\" srcset=\"https:\/\/www.referenciaveterinaria.pt\/wp-content\/uploads\/2012\/08\/catbrain-150x150.jpeg 150w, https:\/\/www.referenciaveterinaria.pt\/wp-content\/uploads\/2012\/08\/catbrain-300x300.jpeg 300w, https:\/\/www.referenciaveterinaria.pt\/wp-content\/uploads\/2012\/08\/catbrain-768x768.jpeg 768w, https:\/\/www.referenciaveterinaria.pt\/wp-content\/uploads\/2012\/08\/catbrain.jpeg 800w\" sizes=\"auto, (max-width: 107px) 100vw, 107px\" \/>Os c\u00e3es e os gatos, tal como os seres humanos, apresentam algumas doen\u00e7as que afectam prim\u00e1ria e, por vezes, exclusivamente o sistema nervoso. A doen\u00e7a neurol\u00f3gica pode estar localizada no sistema nervoso central ou perif\u00e9rico. As doen\u00e7as do sistema nervoso central incluem doen\u00e7as do c\u00e9rebro e da medula espinal (coluna). As doen\u00e7as do sistema nervoso perif\u00e9rico incluem doen\u00e7as das ra\u00edzes nervosas, dos nervos perif\u00e9ricos e dos m\u00fasculos.<\/p>\n<p style=\"text-align: justify;\"><img loading=\"lazy\" decoding=\"async\" class=\"aligncenter wp-image-1667 size-full\" src=\"https:\/\/www.referenciaveterinaria.pt\/wp-content\/uploads\/2012\/09\/texto-separador.jpg\" width=\"531\" height=\"64\" srcset=\"https:\/\/www.referenciaveterinaria.pt\/wp-content\/uploads\/2012\/09\/texto-separador.jpg 531w, https:\/\/www.referenciaveterinaria.pt\/wp-content\/uploads\/2012\/09\/texto-separador-300x36.jpg 300w, https:\/\/www.referenciaveterinaria.pt\/wp-content\/uploads\/2012\/09\/texto-separador-250x30.jpg 250w, https:\/\/www.referenciaveterinaria.pt\/wp-content\/uploads\/2012\/09\/texto-separador-150x18.jpg 150w\" sizes=\"auto, (max-width: 531px) 100vw, 531px\" \/><\/p>\n<p style=\"text-align: justify;\"><img loading=\"lazy\" decoding=\"async\" class=\" wp-image-1671 alignleft\" src=\"https:\/\/www.referenciaveterinaria.pt\/wp-content\/uploads\/2012\/08\/dogbrain-150x150.png\" alt=\"\" width=\"107\" height=\"107\" \/><\/p>\n<p style=\"text-align: justify;\">O conhecimento nesta \u00e1rea da medicina humana e veterin\u00e1ria encontra-se permanentemente em expans\u00e3o. Na medicina humana, estamos habituados a consultar um especialista no caso de necessitarmos de exames especiais sofisticados para podermos definir a terapia mais eficaz para a condi\u00e7\u00e3o diagnosticada. A mesma situa\u00e7\u00e3o aplica-se \u00e0 medicina veterin\u00e1ria. Os c\u00e3es e os gatos com uma doen\u00e7a neurol\u00f3gica necessitam frequentemente de ser submetidos a exames especiais, que poder\u00e3o n\u00e3o estar dispon\u00edveis em todas as cl\u00ednicas veterin\u00e1rias.<\/p>\n<p style=\"text-align: justify;\"><img loading=\"lazy\" decoding=\"async\" class=\"aligncenter size-full wp-image-1667\" src=\"https:\/\/www.referenciaveterinaria.pt\/wp-content\/uploads\/2012\/09\/texto-separador.jpg\" alt=\"\" width=\"531\" height=\"64\" srcset=\"https:\/\/www.referenciaveterinaria.pt\/wp-content\/uploads\/2012\/09\/texto-separador.jpg 531w, https:\/\/www.referenciaveterinaria.pt\/wp-content\/uploads\/2012\/09\/texto-separador-300x36.jpg 300w, https:\/\/www.referenciaveterinaria.pt\/wp-content\/uploads\/2012\/09\/texto-separador-250x30.jpg 250w, https:\/\/www.referenciaveterinaria.pt\/wp-content\/uploads\/2012\/09\/texto-separador-150x18.jpg 150w\" sizes=\"auto, (max-width: 531px) 100vw, 531px\" \/><\/p>\n<p style=\"text-align: justify;\">O <strong>Servi\u00e7o de Neurologia<\/strong> do centro de <span style=\"color: #716e05;\"><strong>Refer\u00eancia Veterin\u00e1ria<\/strong><\/span> especializou-se em neurologia animal e disp\u00f5e de pessoal com forma\u00e7\u00e3o neste campo, assim como do equipamento actualizado necess\u00e1rio para intervir nestes casos. Todas as perturba\u00e7\u00f5es neurol\u00f3gicas podem ser examinadas e tratadas (incluindo a realiza\u00e7\u00e3o de neurocirurgia) no centro de Refer\u00eancia Veterin\u00e1ria.<\/p>\n<p style=\"text-align: justify;\"><strong>Quais s\u00e3o os exemplos mais frequentes de <a href=\"https:\/\/www.referenciaveterinaria.pt\/?page_id=1536\">doen\u00e7a neurol\u00f3gica<\/a>?<\/strong><\/p>\n<p style=\"text-align: justify;\">A paralisia e as convuls\u00f5es s\u00e3o definitivamente as afec\u00e7\u00f5es neurol\u00f3gicas mais frequentes em c\u00e3es e gatos. Sintomas como a dor (dor nas costas), claudica\u00e7\u00e3o (coxear),problemas de equil\u00edbrio, coordena\u00e7\u00e3o anormal, anomalias no estado mental e comportamentais, assim como um desempenho f\u00edsico diminu\u00eddo, constituem outros exemplos indiciadores de poss\u00edveis doen\u00e7a neurol\u00f3gica. A claudica\u00e7\u00e3o, perdas de for\u00e7a muscular e\/ou atrofia, tremores musculares e espasmos musculares s\u00e3o normalmente indicativos de disfun\u00e7\u00e3o neurol\u00f3gica.<\/p>\n","protected":false},"excerpt":{"rendered":"<p>O neurologista veterin\u00e1rio analisa e soluciona as complica\u00e7\u00f5es que ocorrem em fun\u00e7\u00e3o da falha no sistema nervoso, tra\u00e7ando os caminhos a seguir para encontrar a origem de diferentes patologias e amenizar as consequ\u00eancias dos problemas neurol\u00f3gicos. \u00a0\u00a0\u00a0 \u00a0 Os gatos e os c\u00e3es necessitam de um neurologista veterin\u00e1rio? A resposta [&hellip;]<\/p>\n","protected":false},"author":3,"featured_media":493,"parent":0,"menu_order":0,"comment_status":"closed","ping_status":"closed","template":"","meta":{"footnotes":""},"class_list":["post-191","page","type-page","status-publish","has-post-thumbnail","hentry"],"yoast_head":"<!-- This site is optimized with the Yoast SEO plugin v27.6 - https:\/\/yoast.com\/product\/yoast-seo-wordpress\/ -->\n<title>Neurologia e Neurocirurgia - Refer\u00eancia Veterin\u00e1ria<\/title>\n<meta name=\"description\" content=\"Uma parceria especializada de refer\u00eancia entre m\u00e9dicos veterin\u00e1rios para a melhoria do n\u00edvel de servi\u00e7o aos seus clientes! veterin\u00e1ria neurologia neurocirurgia oftalmologia ortopedia catarata conjuntivite oncologia resson\u00e2ncia magn\u00e9tica tomografia computorizada computadorizada radiologia digital cristina ribeiro jo\u00e3o ribeiro seruca ana rita serras pedro parreira pedro fachada enfermagem veterin\u00e1ria\" \/>\n<meta name=\"robots\" content=\"index, follow, max-snippet:-1, max-image-preview:large, max-video-preview:-1\" \/>\n<link rel=\"canonical\" href=\"https:\/\/www.referenciaveterinaria.pt\/?page_id=191\" \/>\n<meta property=\"og:locale\" content=\"pt_PT\" \/>\n<meta property=\"og:type\" content=\"article\" \/>\n<meta property=\"og:title\" content=\"Neurologia e Neurocirurgia - Refer\u00eancia Veterin\u00e1ria\" \/>\n<meta property=\"og:description\" content=\"Uma parceria especializada de refer\u00eancia entre m\u00e9dicos veterin\u00e1rios para a melhoria do n\u00edvel de servi\u00e7o aos seus clientes! veterin\u00e1ria neurologia neurocirurgia oftalmologia ortopedia catarata conjuntivite oncologia resson\u00e2ncia magn\u00e9tica tomografia computorizada computadorizada radiologia digital cristina ribeiro jo\u00e3o ribeiro seruca ana rita serras pedro parreira pedro fachada enfermagem veterin\u00e1ria\" \/>\n<meta property=\"og:url\" content=\"https:\/\/www.referenciaveterinaria.pt\/?page_id=191\" \/>\n<meta property=\"og:site_name\" content=\"Refer\u00eancia Veterin\u00e1ria\" \/>\n<meta property=\"article:publisher\" content=\"https:\/\/www.facebook.com\/www.referenciaveterinaria.pt\" \/>\n<meta property=\"article:modified_time\" content=\"2020-02-25T15:44:28+00:00\" \/>\n<meta property=\"og:image\" content=\"https:\/\/www.referenciaveterinaria.pt\/wp-content\/uploads\/2011\/12\/montagem_RMN_round_960x341.png\" \/>\n\t<meta property=\"og:image:width\" content=\"960\" \/>\n\t<meta property=\"og:image:height\" content=\"341\" \/>\n\t<meta property=\"og:image:type\" content=\"image\/png\" \/>\n<meta name=\"twitter:card\" content=\"summary_large_image\" \/>\n<meta name=\"twitter:label1\" content=\"Tempo estimado de leitura\" \/>\n\t<meta name=\"twitter:data1\" content=\"2 minutos\" \/>\n<script type=\"application\/ld+json\" class=\"yoast-schema-graph\">{\"@context\":\"https:\\\/\\\/schema.org\",\"@graph\":[{\"@type\":\"WebPage\",\"@id\":\"https:\\\/\\\/www.referenciaveterinaria.pt\\\/?page_id=191\",\"url\":\"https:\\\/\\\/www.referenciaveterinaria.pt\\\/?page_id=191\",\"name\":\"Neurologia e Neurocirurgia - Refer\u00eancia Veterin\u00e1ria\",\"isPartOf\":{\"@id\":\"https:\\\/\\\/www.referenciaveterinaria.pt\\\/#website\"},\"primaryImageOfPage\":{\"@id\":\"https:\\\/\\\/www.referenciaveterinaria.pt\\\/?page_id=191#primaryimage\"},\"image\":{\"@id\":\"https:\\\/\\\/www.referenciaveterinaria.pt\\\/?page_id=191#primaryimage\"},\"thumbnailUrl\":\"https:\\\/\\\/www.referenciaveterinaria.pt\\\/wp-content\\\/uploads\\\/2011\\\/12\\\/montagem_RMN_round_960x341.png\",\"datePublished\":\"2012-08-11T19:05:20+00:00\",\"dateModified\":\"2020-02-25T15:44:28+00:00\",\"description\":\"Uma parceria especializada de refer\u00eancia entre m\u00e9dicos veterin\u00e1rios para a melhoria do n\u00edvel de servi\u00e7o aos seus clientes! veterin\u00e1ria neurologia neurocirurgia oftalmologia ortopedia catarata conjuntivite oncologia resson\u00e2ncia magn\u00e9tica tomografia computorizada computadorizada radiologia digital cristina ribeiro jo\u00e3o ribeiro seruca ana rita serras pedro parreira pedro fachada enfermagem veterin\u00e1ria\",\"breadcrumb\":{\"@id\":\"https:\\\/\\\/www.referenciaveterinaria.pt\\\/?page_id=191#breadcrumb\"},\"inLanguage\":\"pt-PT\",\"potentialAction\":[{\"@type\":\"ReadAction\",\"target\":[\"https:\\\/\\\/www.referenciaveterinaria.pt\\\/?page_id=191\"]}]},{\"@type\":\"ImageObject\",\"inLanguage\":\"pt-PT\",\"@id\":\"https:\\\/\\\/www.referenciaveterinaria.pt\\\/?page_id=191#primaryimage\",\"url\":\"https:\\\/\\\/www.referenciaveterinaria.pt\\\/wp-content\\\/uploads\\\/2011\\\/12\\\/montagem_RMN_round_960x341.png\",\"contentUrl\":\"https:\\\/\\\/www.referenciaveterinaria.pt\\\/wp-content\\\/uploads\\\/2011\\\/12\\\/montagem_RMN_round_960x341.png\",\"width\":\"960\",\"height\":\"341\"},{\"@type\":\"BreadcrumbList\",\"@id\":\"https:\\\/\\\/www.referenciaveterinaria.pt\\\/?page_id=191#breadcrumb\",\"itemListElement\":[{\"@type\":\"ListItem\",\"position\":1,\"name\":\"In\u00edcio\",\"item\":\"https:\\\/\\\/www.referenciaveterinaria.pt\\\/\"},{\"@type\":\"ListItem\",\"position\":2,\"name\":\"Neurologia e Neurocirurgia\"}]},{\"@type\":\"WebSite\",\"@id\":\"https:\\\/\\\/www.referenciaveterinaria.pt\\\/#website\",\"url\":\"https:\\\/\\\/www.referenciaveterinaria.pt\\\/\",\"name\":\"Refer\u00eancia Veterin\u00e1ria\",\"description\":\"Refer\u00eancia Veterin\u00e1ria\",\"publisher\":{\"@id\":\"https:\\\/\\\/www.referenciaveterinaria.pt\\\/#organization\"},\"potentialAction\":[{\"@type\":\"SearchAction\",\"target\":{\"@type\":\"EntryPoint\",\"urlTemplate\":\"https:\\\/\\\/www.referenciaveterinaria.pt\\\/?s={search_term_string}\"},\"query-input\":{\"@type\":\"PropertyValueSpecification\",\"valueRequired\":true,\"valueName\":\"search_term_string\"}}],\"inLanguage\":\"pt-PT\"},{\"@type\":\"Organization\",\"@id\":\"https:\\\/\\\/www.referenciaveterinaria.pt\\\/#organization\",\"name\":\"Refer\u00eancia Veterin\u00e1ria\",\"url\":\"https:\\\/\\\/www.referenciaveterinaria.pt\\\/\",\"logo\":{\"@type\":\"ImageObject\",\"inLanguage\":\"pt-PT\",\"@id\":\"https:\\\/\\\/www.referenciaveterinaria.pt\\\/#\\\/schema\\\/logo\\\/image\\\/\",\"url\":\"https:\\\/\\\/www.referenciaveterinaria.pt\\\/wp-content\\\/uploads\\\/2019\\\/04\\\/Logotipo_3840x1540_CorPantone119c_897322_RGB137_115_34_hires_transp-1-e1556491362616.png\",\"contentUrl\":\"https:\\\/\\\/www.referenciaveterinaria.pt\\\/wp-content\\\/uploads\\\/2019\\\/04\\\/Logotipo_3840x1540_CorPantone119c_897322_RGB137_115_34_hires_transp-1-e1556491362616.png\",\"width\":249,\"height\":100,\"caption\":\"Refer\u00eancia Veterin\u00e1ria\"},\"image\":{\"@id\":\"https:\\\/\\\/www.referenciaveterinaria.pt\\\/#\\\/schema\\\/logo\\\/image\\\/\"},\"sameAs\":[\"https:\\\/\\\/www.facebook.com\\\/www.referenciaveterinaria.pt\"]}]}<\/script>\n<!-- \/ Yoast SEO plugin. -->","yoast_head_json":{"title":"Neurologia e Neurocirurgia - Refer\u00eancia Veterin\u00e1ria","description":"Uma parceria especializada de refer\u00eancia entre m\u00e9dicos veterin\u00e1rios para a melhoria do n\u00edvel de servi\u00e7o aos seus clientes! veterin\u00e1ria neurologia neurocirurgia oftalmologia ortopedia catarata conjuntivite oncologia resson\u00e2ncia magn\u00e9tica tomografia computorizada computadorizada radiologia digital cristina ribeiro jo\u00e3o ribeiro seruca ana rita serras pedro parreira pedro fachada enfermagem veterin\u00e1ria","robots":{"index":"index","follow":"follow","max-snippet":"max-snippet:-1","max-image-preview":"max-image-preview:large","max-video-preview":"max-video-preview:-1"},"canonical":"https:\/\/www.referenciaveterinaria.pt\/?page_id=191","og_locale":"pt_PT","og_type":"article","og_title":"Neurologia e Neurocirurgia - Refer\u00eancia Veterin\u00e1ria","og_description":"Uma parceria especializada de refer\u00eancia entre m\u00e9dicos veterin\u00e1rios para a melhoria do n\u00edvel de servi\u00e7o aos seus clientes! veterin\u00e1ria neurologia neurocirurgia oftalmologia ortopedia catarata conjuntivite oncologia resson\u00e2ncia magn\u00e9tica tomografia computorizada computadorizada radiologia digital cristina ribeiro jo\u00e3o ribeiro seruca ana rita serras pedro parreira pedro fachada enfermagem veterin\u00e1ria","og_url":"https:\/\/www.referenciaveterinaria.pt\/?page_id=191","og_site_name":"Refer\u00eancia Veterin\u00e1ria","article_publisher":"https:\/\/www.facebook.com\/www.referenciaveterinaria.pt","article_modified_time":"2020-02-25T15:44:28+00:00","og_image":[{"width":960,"height":341,"url":"https:\/\/www.referenciaveterinaria.pt\/wp-content\/uploads\/2011\/12\/montagem_RMN_round_960x341.png","type":"image\/png"}],"twitter_card":"summary_large_image","twitter_misc":{"Tempo estimado de leitura":"2 minutos"},"schema":{"@context":"https:\/\/schema.org","@graph":[{"@type":"WebPage","@id":"https:\/\/www.referenciaveterinaria.pt\/?page_id=191","url":"https:\/\/www.referenciaveterinaria.pt\/?page_id=191","name":"Neurologia e Neurocirurgia - Refer\u00eancia Veterin\u00e1ria","isPartOf":{"@id":"https:\/\/www.referenciaveterinaria.pt\/#website"},"primaryImageOfPage":{"@id":"https:\/\/www.referenciaveterinaria.pt\/?page_id=191#primaryimage"},"image":{"@id":"https:\/\/www.referenciaveterinaria.pt\/?page_id=191#primaryimage"},"thumbnailUrl":"https:\/\/www.referenciaveterinaria.pt\/wp-content\/uploads\/2011\/12\/montagem_RMN_round_960x341.png","datePublished":"2012-08-11T19:05:20+00:00","dateModified":"2020-02-25T15:44:28+00:00","description":"Uma parceria especializada de refer\u00eancia entre m\u00e9dicos veterin\u00e1rios para a melhoria do n\u00edvel de servi\u00e7o aos seus clientes! veterin\u00e1ria neurologia neurocirurgia oftalmologia ortopedia catarata conjuntivite oncologia resson\u00e2ncia magn\u00e9tica tomografia computorizada computadorizada radiologia digital cristina ribeiro jo\u00e3o ribeiro seruca ana rita serras pedro parreira pedro fachada enfermagem veterin\u00e1ria","breadcrumb":{"@id":"https:\/\/www.referenciaveterinaria.pt\/?page_id=191#breadcrumb"},"inLanguage":"pt-PT","potentialAction":[{"@type":"ReadAction","target":["https:\/\/www.referenciaveterinaria.pt\/?page_id=191"]}]},{"@type":"ImageObject","inLanguage":"pt-PT","@id":"https:\/\/www.referenciaveterinaria.pt\/?page_id=191#primaryimage","url":"https:\/\/www.referenciaveterinaria.pt\/wp-content\/uploads\/2011\/12\/montagem_RMN_round_960x341.png","contentUrl":"https:\/\/www.referenciaveterinaria.pt\/wp-content\/uploads\/2011\/12\/montagem_RMN_round_960x341.png","width":"960","height":"341"},{"@type":"BreadcrumbList","@id":"https:\/\/www.referenciaveterinaria.pt\/?page_id=191#breadcrumb","itemListElement":[{"@type":"ListItem","position":1,"name":"In\u00edcio","item":"https:\/\/www.referenciaveterinaria.pt\/"},{"@type":"ListItem","position":2,"name":"Neurologia e Neurocirurgia"}]},{"@type":"WebSite","@id":"https:\/\/www.referenciaveterinaria.pt\/#website","url":"https:\/\/www.referenciaveterinaria.pt\/","name":"Refer\u00eancia Veterin\u00e1ria","description":"Refer\u00eancia Veterin\u00e1ria","publisher":{"@id":"https:\/\/www.referenciaveterinaria.pt\/#organization"},"potentialAction":[{"@type":"SearchAction","target":{"@type":"EntryPoint","urlTemplate":"https:\/\/www.referenciaveterinaria.pt\/?s={search_term_string}"},"query-input":{"@type":"PropertyValueSpecification","valueRequired":true,"valueName":"search_term_string"}}],"inLanguage":"pt-PT"},{"@type":"Organization","@id":"https:\/\/www.referenciaveterinaria.pt\/#organization","name":"Refer\u00eancia Veterin\u00e1ria","url":"https:\/\/www.referenciaveterinaria.pt\/","logo":{"@type":"ImageObject","inLanguage":"pt-PT","@id":"https:\/\/www.referenciaveterinaria.pt\/#\/schema\/logo\/image\/","url":"https:\/\/www.referenciaveterinaria.pt\/wp-content\/uploads\/2019\/04\/Logotipo_3840x1540_CorPantone119c_897322_RGB137_115_34_hires_transp-1-e1556491362616.png","contentUrl":"https:\/\/www.referenciaveterinaria.pt\/wp-content\/uploads\/2019\/04\/Logotipo_3840x1540_CorPantone119c_897322_RGB137_115_34_hires_transp-1-e1556491362616.png","width":249,"height":100,"caption":"Refer\u00eancia Veterin\u00e1ria"},"image":{"@id":"https:\/\/www.referenciaveterinaria.pt\/#\/schema\/logo\/image\/"},"sameAs":["https:\/\/www.facebook.com\/www.referenciaveterinaria.pt"]}]}},"_links":{"self":[{"href":"https:\/\/www.referenciaveterinaria.pt\/index.php?rest_route=\/wp\/v2\/pages\/191","targetHints":{"allow":["GET"]}}],"collection":[{"href":"https:\/\/www.referenciaveterinaria.pt\/index.php?rest_route=\/wp\/v2\/pages"}],"about":[{"href":"https:\/\/www.referenciaveterinaria.pt\/index.php?rest_route=\/wp\/v2\/types\/page"}],"author":[{"embeddable":true,"href":"https:\/\/www.referenciaveterinaria.pt\/index.php?rest_route=\/wp\/v2\/users\/3"}],"replies":[{"embeddable":true,"href":"https:\/\/www.referenciaveterinaria.pt\/index.php?rest_route=%2Fwp%2Fv2%2Fcomments&post=191"}],"version-history":[{"count":35,"href":"https:\/\/www.referenciaveterinaria.pt\/index.php?rest_route=\/wp\/v2\/pages\/191\/revisions"}],"predecessor-version":[{"id":2121,"href":"https:\/\/www.referenciaveterinaria.pt\/index.php?rest_route=\/wp\/v2\/pages\/191\/revisions\/2121"}],"wp:featuredmedia":[{"embeddable":true,"href":"https:\/\/www.referenciaveterinaria.pt\/index.php?rest_route=\/wp\/v2\/media\/493"}],"wp:attachment":[{"href":"https:\/\/www.referenciaveterinaria.pt\/index.php?rest_route=%2Fwp%2Fv2%2Fmedia&parent=191"}],"curies":[{"name":"wp","href":"https:\/\/api.w.org\/{rel}","templated":true}]}}