{"id":2167,"date":"2019-05-02T16:36:40","date_gmt":"2019-05-02T16:36:40","guid":{"rendered":"https:\/\/www.referenciaveterinaria.pt\/?page_id=2167"},"modified":"2024-04-15T17:29:06","modified_gmt":"2024-04-15T17:29:06","slug":"equipa-de-enfermagem","status":"publish","type":"page","link":"https:\/\/www.referenciaveterinaria.pt\/?page_id=2167","title":{"rendered":"Equipa de Enfermagem"},"content":{"rendered":"<p style=\"text-align: justify;\">Composto por profissionais formados e especializados nas \u00e1reas respectivas, o leque de recursos humanos do centro de Refer\u00eancia Veterin\u00e1ria inclui m\u00e9dicos veterin\u00e1rios, enfermeiros, assistentes, estagi\u00e1rios e pessoal administrativo, que trabalham em conjunto com o intuito de proporcionar ao m\u00e9dico referenciador um servi\u00e7o de qualidade, com os mais elevados padr\u00f5es de pr\u00e1tica m\u00e9dica.<\/p>\n\n\n<p class=\"has-text-align-center\"><div class=\"tmm tmm_equipa-de-enfermagem\"><div class=\"tmm_2_columns tmm_wrap tmm_plugin_f\"><span class=\"tmm_two_containers_tablet\"><\/span><div class=\"tmm_container\"><div class=\"tmm_member\" style=\"border-top:#897322 solid 5px;\"><a target=\"_blank\" rel=\"noopener noreferrer\" href=\"https:\/\/www.referenciaveterinaria.pt\/?page_id=2613\" title=\"Ruben Aguiar\"><div class=\"tmm_photo tmm_pic_equipa-de-enfermagem_0\" style=\"background: url(https:\/\/www.referenciaveterinaria.pt\/wp-content\/uploads\/2021\/09\/foto_curriculum.jpeg); margin-left: auto; margin-right:auto; background-size:cover !important;\"><\/div><\/a><div class=\"tmm_textblock\"><div class=\"tmm_names\"><span class=\"tmm_fname\">Ruben<\/span> <span class=\"tmm_lname\">Aguiar<\/span><\/div><div class=\"tmm_job\">Enfermeiro Veterin\u00e1rio<\/div><div class=\"tmm_desc\" style=\"text-align:\"><p><strong>Licenciatura em Enfermagem Veterin\u00e1ria - N\u00edvel 6 QNQ<\/strong><br \/>Escola Superior Agr\u00e1ria, Castelo Branco.<\/p><\/div><div class=\"tmm_scblock\"><\/div><\/div><\/div><div class=\"tmm_member\" style=\"border-top:#897322 solid 5px;\"><a target=\"_blank\" rel=\"noopener noreferrer\" href=\"https:\/\/www.referenciaveterinaria.pt\/?page_id=2837\" title=\"Miguel Calado\"><div class=\"tmm_photo tmm_pic_equipa-de-enfermagem_1\" style=\"background: url(https:\/\/www.referenciaveterinaria.pt\/wp-content\/uploads\/2024\/04\/WhatsApp-Image-2024-07-26-at-13.11.15.jpeg); margin-left: auto; margin-right:auto; background-size:cover !important;\"><\/div><\/a><div class=\"tmm_textblock\"><div class=\"tmm_names\"><span class=\"tmm_fname\">Miguel<\/span> <span class=\"tmm_lname\">Calado<\/span><\/div><div class=\"tmm_job\">Enfermeiro Veterin\u00e1rio<\/div><div class=\"tmm_desc\" style=\"text-align:\"><p><strong>Licenciatura em Enfermagem Veterin\u00e1ria - N\u00edvel 6 QNQ<br \/><\/strong>IPLUSO (instituto Polit\u00e9cnico da Lusofonia) - 2024<\/p><\/div><div class=\"tmm_scblock\"><\/div><\/div><\/div><span class=\"tmm_two_containers_tablet\"><\/span><\/div><span class=\"tmm_columns_containers_desktop\"><\/span><div class=\"tmm_container\"><div class=\"tmm_member\" style=\"border-top:#897322 solid 5px;\"><a target=\"_blank\" rel=\"noopener noreferrer\" href=\"https:\/\/www.referenciaveterinaria.pt\/?page_id=2841\" title=\"Rute Amorim\"><div class=\"tmm_photo tmm_pic_equipa-de-enfermagem_2\" style=\"background: url(https:\/\/www.referenciaveterinaria.pt\/wp-content\/uploads\/2024\/08\/Rute-Amorim_1840x1840.jpeg); margin-left: auto; margin-right:auto; background-size:cover !important;\"><\/div><\/a><div class=\"tmm_textblock\"><div class=\"tmm_names\"><span class=\"tmm_fname\">Rute<\/span> <span class=\"tmm_lname\">Amorim<\/span><\/div><div class=\"tmm_job\">Enfermeira Veterin\u00e1ria<\/div><div class=\"tmm_desc\" style=\"text-align:\"><p><strong>Licenciatura em Enfermagem Veterin\u00e1ria \u2013 N\u00edvel 6 QNQ<\/strong><br \/>Escola Superior Agr\u00e1ria de Ponte de Lima \u2013 IPVC, Ponte de Lima, Viana do Castelo, Portugal 2021<\/p><\/div><div class=\"tmm_scblock\"><\/div><\/div><\/div><div class=\"tmm_member\" style=\"border-top:#897322 solid 5px;\"><a target=\"_blank\" rel=\"noopener noreferrer\" href=\"https:\/\/www.referenciaveterinaria.pt\/?page_id=2855\" title=\"Mariana Torres\"><div class=\"tmm_photo tmm_pic_equipa-de-enfermagem_3\" style=\"background: url(https:\/\/www.referenciaveterinaria.pt\/wp-content\/uploads\/2024\/04\/Mariana-Torres_721x720.png); margin-left: auto; margin-right:auto; background-size:cover !important;\"><\/div><\/a><div class=\"tmm_textblock\"><div class=\"tmm_names\"><span class=\"tmm_fname\">Mariana<\/span> <span class=\"tmm_lname\">Torres<\/span><\/div><div class=\"tmm_job\">Enfermeira Veterin\u00e1ria<\/div><div class=\"tmm_desc\" style=\"text-align:\"><p><strong>Licenciatura em Enfermagem Veterin\u00e1ria \u2013 N\u00edvel 6 QNQ<\/strong><br \/>Escola Superior Agr\u00e1ria de Castelo Branco \u2013 IPCB, Portugal 2023<\/p><p><\/p><\/div><div class=\"tmm_scblock\"><\/div><\/div><\/div><div style=\"clear:both;\"><\/div><\/div><\/div><\/div> <\/p>\n","protected":false},"excerpt":{"rendered":"<p>Composto por profissionais formados e especializados nas \u00e1reas respectivas, o leque de recursos humanos do centro de Refer\u00eancia Veterin\u00e1ria inclui m\u00e9dicos veterin\u00e1rios, enfermeiros, assistentes, estagi\u00e1rios e pessoal administrativo, que trabalham em conjunto com o intuito de proporcionar ao m\u00e9dico referenciador um servi\u00e7o de qualidade, com os mais elevados padr\u00f5es de [&hellip;]<\/p>\n","protected":false},"author":4,"featured_media":2255,"parent":0,"menu_order":0,"comment_status":"closed","ping_status":"closed","template":"","meta":{"footnotes":""},"class_list":["post-2167","page","type-page","status-publish","has-post-thumbnail","hentry"],"yoast_head":"<!-- This site is optimized with the Yoast SEO plugin v27.6 - https:\/\/yoast.com\/product\/yoast-seo-wordpress\/ -->\n<title>Equipa de Enfermagem - Refer\u00eancia Veterin\u00e1ria<\/title>\n<meta name=\"description\" content=\"Uma parceria especializada de refer\u00eancia entre m\u00e9dicos veterin\u00e1rios para a melhoria do n\u00edvel de servi\u00e7o aos seus clientes! veterin\u00e1ria neurologia neurocirurgia oftalmologia ortopedia catarata conjuntivite oncologia resson\u00e2ncia magn\u00e9tica tomografia computorizada computadorizada radiologia digital cristina ribeiro jo\u00e3o ribeiro seruca ana rita serras pedro parreira pedro fachada enfermagem veterin\u00e1ria\" \/>\n<meta name=\"robots\" content=\"index, follow, max-snippet:-1, max-image-preview:large, max-video-preview:-1\" \/>\n<link rel=\"canonical\" href=\"https:\/\/www.referenciaveterinaria.pt\/?page_id=2167\" \/>\n<meta property=\"og:locale\" content=\"pt_PT\" \/>\n<meta property=\"og:type\" content=\"article\" \/>\n<meta property=\"og:title\" content=\"Equipa de Enfermagem - Refer\u00eancia Veterin\u00e1ria\" \/>\n<meta property=\"og:description\" content=\"Uma parceria especializada de refer\u00eancia entre m\u00e9dicos veterin\u00e1rios para a melhoria do n\u00edvel de servi\u00e7o aos seus clientes! veterin\u00e1ria neurologia neurocirurgia oftalmologia ortopedia catarata conjuntivite oncologia resson\u00e2ncia magn\u00e9tica tomografia computorizada computadorizada radiologia digital cristina ribeiro jo\u00e3o ribeiro seruca ana rita serras pedro parreira pedro fachada enfermagem veterin\u00e1ria\" \/>\n<meta property=\"og:url\" content=\"https:\/\/www.referenciaveterinaria.pt\/?page_id=2167\" \/>\n<meta property=\"og:site_name\" content=\"Refer\u00eancia Veterin\u00e1ria\" \/>\n<meta property=\"article:publisher\" content=\"https:\/\/www.facebook.com\/www.referenciaveterinaria.pt\" \/>\n<meta property=\"article:modified_time\" content=\"2024-04-15T17:29:06+00:00\" \/>\n<meta property=\"og:image\" content=\"https:\/\/www.referenciaveterinaria.pt\/wp-content\/uploads\/2019\/05\/Equipa.png\" \/>\n\t<meta property=\"og:image:width\" content=\"1366\" \/>\n\t<meta property=\"og:image:height\" content=\"300\" \/>\n\t<meta property=\"og:image:type\" content=\"image\/png\" \/>\n<meta name=\"twitter:card\" content=\"summary_large_image\" \/>\n<meta name=\"twitter:label1\" content=\"Tempo estimado de leitura\" \/>\n\t<meta name=\"twitter:data1\" content=\"1 minuto\" \/>\n<script type=\"application\/ld+json\" class=\"yoast-schema-graph\">{\"@context\":\"https:\\\/\\\/schema.org\",\"@graph\":[{\"@type\":\"WebPage\",\"@id\":\"https:\\\/\\\/www.referenciaveterinaria.pt\\\/?page_id=2167\",\"url\":\"https:\\\/\\\/www.referenciaveterinaria.pt\\\/?page_id=2167\",\"name\":\"Equipa de Enfermagem - Refer\u00eancia Veterin\u00e1ria\",\"isPartOf\":{\"@id\":\"https:\\\/\\\/www.referenciaveterinaria.pt\\\/#website\"},\"primaryImageOfPage\":{\"@id\":\"https:\\\/\\\/www.referenciaveterinaria.pt\\\/?page_id=2167#primaryimage\"},\"image\":{\"@id\":\"https:\\\/\\\/www.referenciaveterinaria.pt\\\/?page_id=2167#primaryimage\"},\"thumbnailUrl\":\"https:\\\/\\\/www.referenciaveterinaria.pt\\\/wp-content\\\/uploads\\\/2019\\\/05\\\/Equipa.png\",\"datePublished\":\"2019-05-02T16:36:40+00:00\",\"dateModified\":\"2024-04-15T17:29:06+00:00\",\"description\":\"Uma parceria especializada de refer\u00eancia entre m\u00e9dicos veterin\u00e1rios para a melhoria do n\u00edvel de servi\u00e7o aos seus clientes! veterin\u00e1ria neurologia neurocirurgia oftalmologia ortopedia catarata conjuntivite oncologia resson\u00e2ncia magn\u00e9tica tomografia computorizada computadorizada radiologia digital cristina ribeiro jo\u00e3o ribeiro seruca ana rita serras pedro parreira pedro fachada enfermagem veterin\u00e1ria\",\"breadcrumb\":{\"@id\":\"https:\\\/\\\/www.referenciaveterinaria.pt\\\/?page_id=2167#breadcrumb\"},\"inLanguage\":\"pt-PT\",\"potentialAction\":[{\"@type\":\"ReadAction\",\"target\":[\"https:\\\/\\\/www.referenciaveterinaria.pt\\\/?page_id=2167\"]}]},{\"@type\":\"ImageObject\",\"inLanguage\":\"pt-PT\",\"@id\":\"https:\\\/\\\/www.referenciaveterinaria.pt\\\/?page_id=2167#primaryimage\",\"url\":\"https:\\\/\\\/www.referenciaveterinaria.pt\\\/wp-content\\\/uploads\\\/2019\\\/05\\\/Equipa.png\",\"contentUrl\":\"https:\\\/\\\/www.referenciaveterinaria.pt\\\/wp-content\\\/uploads\\\/2019\\\/05\\\/Equipa.png\",\"width\":1366,\"height\":300},{\"@type\":\"BreadcrumbList\",\"@id\":\"https:\\\/\\\/www.referenciaveterinaria.pt\\\/?page_id=2167#breadcrumb\",\"itemListElement\":[{\"@type\":\"ListItem\",\"position\":1,\"name\":\"In\u00edcio\",\"item\":\"https:\\\/\\\/www.referenciaveterinaria.pt\\\/\"},{\"@type\":\"ListItem\",\"position\":2,\"name\":\"Equipa de Enfermagem\"}]},{\"@type\":\"WebSite\",\"@id\":\"https:\\\/\\\/www.referenciaveterinaria.pt\\\/#website\",\"url\":\"https:\\\/\\\/www.referenciaveterinaria.pt\\\/\",\"name\":\"Refer\u00eancia Veterin\u00e1ria\",\"description\":\"Refer\u00eancia Veterin\u00e1ria\",\"publisher\":{\"@id\":\"https:\\\/\\\/www.referenciaveterinaria.pt\\\/#organization\"},\"potentialAction\":[{\"@type\":\"SearchAction\",\"target\":{\"@type\":\"EntryPoint\",\"urlTemplate\":\"https:\\\/\\\/www.referenciaveterinaria.pt\\\/?s={search_term_string}\"},\"query-input\":{\"@type\":\"PropertyValueSpecification\",\"valueRequired\":true,\"valueName\":\"search_term_string\"}}],\"inLanguage\":\"pt-PT\"},{\"@type\":\"Organization\",\"@id\":\"https:\\\/\\\/www.referenciaveterinaria.pt\\\/#organization\",\"name\":\"Refer\u00eancia Veterin\u00e1ria\",\"url\":\"https:\\\/\\\/www.referenciaveterinaria.pt\\\/\",\"logo\":{\"@type\":\"ImageObject\",\"inLanguage\":\"pt-PT\",\"@id\":\"https:\\\/\\\/www.referenciaveterinaria.pt\\\/#\\\/schema\\\/logo\\\/image\\\/\",\"url\":\"https:\\\/\\\/www.referenciaveterinaria.pt\\\/wp-content\\\/uploads\\\/2019\\\/04\\\/Logotipo_3840x1540_CorPantone119c_897322_RGB137_115_34_hires_transp-1-e1556491362616.png\",\"contentUrl\":\"https:\\\/\\\/www.referenciaveterinaria.pt\\\/wp-content\\\/uploads\\\/2019\\\/04\\\/Logotipo_3840x1540_CorPantone119c_897322_RGB137_115_34_hires_transp-1-e1556491362616.png\",\"width\":249,\"height\":100,\"caption\":\"Refer\u00eancia Veterin\u00e1ria\"},\"image\":{\"@id\":\"https:\\\/\\\/www.referenciaveterinaria.pt\\\/#\\\/schema\\\/logo\\\/image\\\/\"},\"sameAs\":[\"https:\\\/\\\/www.facebook.com\\\/www.referenciaveterinaria.pt\"]}]}<\/script>\n<!-- \/ Yoast SEO plugin. -->","yoast_head_json":{"title":"Equipa de Enfermagem - Refer\u00eancia Veterin\u00e1ria","description":"Uma parceria especializada de refer\u00eancia entre m\u00e9dicos veterin\u00e1rios para a melhoria do n\u00edvel de servi\u00e7o aos seus clientes! veterin\u00e1ria neurologia neurocirurgia oftalmologia ortopedia catarata conjuntivite oncologia resson\u00e2ncia magn\u00e9tica tomografia computorizada computadorizada radiologia digital cristina ribeiro jo\u00e3o ribeiro seruca ana rita serras pedro parreira pedro fachada enfermagem veterin\u00e1ria","robots":{"index":"index","follow":"follow","max-snippet":"max-snippet:-1","max-image-preview":"max-image-preview:large","max-video-preview":"max-video-preview:-1"},"canonical":"https:\/\/www.referenciaveterinaria.pt\/?page_id=2167","og_locale":"pt_PT","og_type":"article","og_title":"Equipa de Enfermagem - Refer\u00eancia Veterin\u00e1ria","og_description":"Uma parceria especializada de refer\u00eancia entre m\u00e9dicos veterin\u00e1rios para a melhoria do n\u00edvel de servi\u00e7o aos seus clientes! veterin\u00e1ria neurologia neurocirurgia oftalmologia ortopedia catarata conjuntivite oncologia resson\u00e2ncia magn\u00e9tica tomografia computorizada computadorizada radiologia digital cristina ribeiro jo\u00e3o ribeiro seruca ana rita serras pedro parreira pedro fachada enfermagem veterin\u00e1ria","og_url":"https:\/\/www.referenciaveterinaria.pt\/?page_id=2167","og_site_name":"Refer\u00eancia Veterin\u00e1ria","article_publisher":"https:\/\/www.facebook.com\/www.referenciaveterinaria.pt","article_modified_time":"2024-04-15T17:29:06+00:00","og_image":[{"width":1366,"height":300,"url":"https:\/\/www.referenciaveterinaria.pt\/wp-content\/uploads\/2019\/05\/Equipa.png","type":"image\/png"}],"twitter_card":"summary_large_image","twitter_misc":{"Tempo estimado de leitura":"1 minuto"},"schema":{"@context":"https:\/\/schema.org","@graph":[{"@type":"WebPage","@id":"https:\/\/www.referenciaveterinaria.pt\/?page_id=2167","url":"https:\/\/www.referenciaveterinaria.pt\/?page_id=2167","name":"Equipa de Enfermagem - Refer\u00eancia Veterin\u00e1ria","isPartOf":{"@id":"https:\/\/www.referenciaveterinaria.pt\/#website"},"primaryImageOfPage":{"@id":"https:\/\/www.referenciaveterinaria.pt\/?page_id=2167#primaryimage"},"image":{"@id":"https:\/\/www.referenciaveterinaria.pt\/?page_id=2167#primaryimage"},"thumbnailUrl":"https:\/\/www.referenciaveterinaria.pt\/wp-content\/uploads\/2019\/05\/Equipa.png","datePublished":"2019-05-02T16:36:40+00:00","dateModified":"2024-04-15T17:29:06+00:00","description":"Uma parceria especializada de refer\u00eancia entre m\u00e9dicos veterin\u00e1rios para a melhoria do n\u00edvel de servi\u00e7o aos seus clientes! veterin\u00e1ria neurologia neurocirurgia oftalmologia ortopedia catarata conjuntivite oncologia resson\u00e2ncia magn\u00e9tica tomografia computorizada computadorizada radiologia digital cristina ribeiro jo\u00e3o ribeiro seruca ana rita serras pedro parreira pedro fachada enfermagem veterin\u00e1ria","breadcrumb":{"@id":"https:\/\/www.referenciaveterinaria.pt\/?page_id=2167#breadcrumb"},"inLanguage":"pt-PT","potentialAction":[{"@type":"ReadAction","target":["https:\/\/www.referenciaveterinaria.pt\/?page_id=2167"]}]},{"@type":"ImageObject","inLanguage":"pt-PT","@id":"https:\/\/www.referenciaveterinaria.pt\/?page_id=2167#primaryimage","url":"https:\/\/www.referenciaveterinaria.pt\/wp-content\/uploads\/2019\/05\/Equipa.png","contentUrl":"https:\/\/www.referenciaveterinaria.pt\/wp-content\/uploads\/2019\/05\/Equipa.png","width":1366,"height":300},{"@type":"BreadcrumbList","@id":"https:\/\/www.referenciaveterinaria.pt\/?page_id=2167#breadcrumb","itemListElement":[{"@type":"ListItem","position":1,"name":"In\u00edcio","item":"https:\/\/www.referenciaveterinaria.pt\/"},{"@type":"ListItem","position":2,"name":"Equipa de Enfermagem"}]},{"@type":"WebSite","@id":"https:\/\/www.referenciaveterinaria.pt\/#website","url":"https:\/\/www.referenciaveterinaria.pt\/","name":"Refer\u00eancia Veterin\u00e1ria","description":"Refer\u00eancia Veterin\u00e1ria","publisher":{"@id":"https:\/\/www.referenciaveterinaria.pt\/#organization"},"potentialAction":[{"@type":"SearchAction","target":{"@type":"EntryPoint","urlTemplate":"https:\/\/www.referenciaveterinaria.pt\/?s={search_term_string}"},"query-input":{"@type":"PropertyValueSpecification","valueRequired":true,"valueName":"search_term_string"}}],"inLanguage":"pt-PT"},{"@type":"Organization","@id":"https:\/\/www.referenciaveterinaria.pt\/#organization","name":"Refer\u00eancia Veterin\u00e1ria","url":"https:\/\/www.referenciaveterinaria.pt\/","logo":{"@type":"ImageObject","inLanguage":"pt-PT","@id":"https:\/\/www.referenciaveterinaria.pt\/#\/schema\/logo\/image\/","url":"https:\/\/www.referenciaveterinaria.pt\/wp-content\/uploads\/2019\/04\/Logotipo_3840x1540_CorPantone119c_897322_RGB137_115_34_hires_transp-1-e1556491362616.png","contentUrl":"https:\/\/www.referenciaveterinaria.pt\/wp-content\/uploads\/2019\/04\/Logotipo_3840x1540_CorPantone119c_897322_RGB137_115_34_hires_transp-1-e1556491362616.png","width":249,"height":100,"caption":"Refer\u00eancia Veterin\u00e1ria"},"image":{"@id":"https:\/\/www.referenciaveterinaria.pt\/#\/schema\/logo\/image\/"},"sameAs":["https:\/\/www.facebook.com\/www.referenciaveterinaria.pt"]}]}},"_links":{"self":[{"href":"https:\/\/www.referenciaveterinaria.pt\/index.php?rest_route=\/wp\/v2\/pages\/2167","targetHints":{"allow":["GET"]}}],"collection":[{"href":"https:\/\/www.referenciaveterinaria.pt\/index.php?rest_route=\/wp\/v2\/pages"}],"about":[{"href":"https:\/\/www.referenciaveterinaria.pt\/index.php?rest_route=\/wp\/v2\/types\/page"}],"author":[{"embeddable":true,"href":"https:\/\/www.referenciaveterinaria.pt\/index.php?rest_route=\/wp\/v2\/users\/4"}],"replies":[{"embeddable":true,"href":"https:\/\/www.referenciaveterinaria.pt\/index.php?rest_route=%2Fwp%2Fv2%2Fcomments&post=2167"}],"version-history":[{"count":3,"href":"https:\/\/www.referenciaveterinaria.pt\/index.php?rest_route=\/wp\/v2\/pages\/2167\/revisions"}],"predecessor-version":[{"id":2821,"href":"https:\/\/www.referenciaveterinaria.pt\/index.php?rest_route=\/wp\/v2\/pages\/2167\/revisions\/2821"}],"wp:featuredmedia":[{"embeddable":true,"href":"https:\/\/www.referenciaveterinaria.pt\/index.php?rest_route=\/wp\/v2\/media\/2255"}],"wp:attachment":[{"href":"https:\/\/www.referenciaveterinaria.pt\/index.php?rest_route=%2Fwp%2Fv2%2Fmedia&parent=2167"}],"curies":[{"name":"wp","href":"https:\/\/api.w.org\/{rel}","templated":true}]}}