{"id":232,"date":"2012-08-12T22:02:11","date_gmt":"2012-08-12T21:02:11","guid":{"rendered":"http:\/\/referenciaveterinaria.pt\/?page_id=232"},"modified":"2021-04-21T21:46:29","modified_gmt":"2021-04-21T21:46:29","slug":"cardiologia","status":"publish","type":"page","link":"https:\/\/www.referenciaveterinaria.pt\/?page_id=232","title":{"rendered":"Cardiologia e cirurgia cardiotor\u00e1cica"},"content":{"rendered":"<p>Servi\u00e7o de refer\u00eancia para diagn\u00f3stico, tratamento m\u00e9dico e cir\u00fargico e cuidado intensivo em animais com doen\u00e7as cardiovasculares.<\/p>\n","protected":false},"excerpt":{"rendered":"<p>Servi\u00e7o de refer\u00eancia para diagn\u00f3stico, tratamento m\u00e9dico e cir\u00fargico e cuidado intensivo em animais com doen\u00e7as cardiovasculares.<\/p>\n","protected":false},"author":4,"featured_media":0,"parent":0,"menu_order":0,"comment_status":"closed","ping_status":"closed","template":"","meta":{"footnotes":""},"class_list":["post-232","page","type-page","status-publish","hentry"],"yoast_head":"<!-- This site is optimized with the Yoast SEO plugin v27.4 - https:\/\/yoast.com\/product\/yoast-seo-wordpress\/ -->\n<title>Cardiologia e cirurgia cardiotor\u00e1cica - Refer\u00eancia Veterin\u00e1ria<\/title>\n<meta name=\"description\" content=\"Uma parceria especializada de refer\u00eancia entre m\u00e9dicos veterin\u00e1rios para a melhoria do n\u00edvel de servi\u00e7o aos seus clientes! veterin\u00e1ria neurologia neurocirurgia oftalmologia ortopedia catarata conjuntivite oncologia resson\u00e2ncia magn\u00e9tica tomografia computorizada computadorizada radiologia digital cristina ribeiro jo\u00e3o ribeiro seruca ana rita serras pedro parreira pedro fachada enfermagem veterin\u00e1ria\" \/>\n<meta name=\"robots\" content=\"index, follow, max-snippet:-1, max-image-preview:large, max-video-preview:-1\" \/>\n<link rel=\"canonical\" href=\"https:\/\/www.referenciaveterinaria.pt\/?page_id=232\" \/>\n<meta property=\"og:locale\" content=\"pt_PT\" \/>\n<meta property=\"og:type\" content=\"article\" \/>\n<meta property=\"og:title\" content=\"Cardiologia e cirurgia cardiotor\u00e1cica - Refer\u00eancia Veterin\u00e1ria\" \/>\n<meta property=\"og:description\" content=\"Uma parceria especializada de refer\u00eancia entre m\u00e9dicos veterin\u00e1rios para a melhoria do n\u00edvel de servi\u00e7o aos seus clientes! veterin\u00e1ria neurologia neurocirurgia oftalmologia ortopedia catarata conjuntivite oncologia resson\u00e2ncia magn\u00e9tica tomografia computorizada computadorizada radiologia digital cristina ribeiro jo\u00e3o ribeiro seruca ana rita serras pedro parreira pedro fachada enfermagem veterin\u00e1ria\" \/>\n<meta property=\"og:url\" content=\"https:\/\/www.referenciaveterinaria.pt\/?page_id=232\" \/>\n<meta property=\"og:site_name\" content=\"Refer\u00eancia Veterin\u00e1ria\" \/>\n<meta property=\"article:publisher\" content=\"https:\/\/www.facebook.com\/www.referenciaveterinaria.pt\" \/>\n<meta property=\"article:modified_time\" content=\"2021-04-21T21:46:29+00:00\" \/>\n<meta name=\"twitter:card\" content=\"summary_large_image\" \/>\n<meta name=\"twitter:label1\" content=\"Tempo estimado de leitura\" \/>\n\t<meta name=\"twitter:data1\" content=\"1 minuto\" \/>\n<script type=\"application\/ld+json\" class=\"yoast-schema-graph\">{\"@context\":\"https:\\\/\\\/schema.org\",\"@graph\":[{\"@type\":\"WebPage\",\"@id\":\"https:\\\/\\\/www.referenciaveterinaria.pt\\\/?page_id=232\",\"url\":\"https:\\\/\\\/www.referenciaveterinaria.pt\\\/?page_id=232\",\"name\":\"Cardiologia e cirurgia cardiotor\u00e1cica - Refer\u00eancia Veterin\u00e1ria\",\"isPartOf\":{\"@id\":\"https:\\\/\\\/www.referenciaveterinaria.pt\\\/#website\"},\"datePublished\":\"2012-08-12T21:02:11+00:00\",\"dateModified\":\"2021-04-21T21:46:29+00:00\",\"description\":\"Uma parceria especializada de refer\u00eancia entre m\u00e9dicos veterin\u00e1rios para a melhoria do n\u00edvel de servi\u00e7o aos seus clientes! veterin\u00e1ria neurologia neurocirurgia oftalmologia ortopedia catarata conjuntivite oncologia resson\u00e2ncia magn\u00e9tica tomografia computorizada computadorizada radiologia digital cristina ribeiro jo\u00e3o ribeiro seruca ana rita serras pedro parreira pedro fachada enfermagem veterin\u00e1ria\",\"breadcrumb\":{\"@id\":\"https:\\\/\\\/www.referenciaveterinaria.pt\\\/?page_id=232#breadcrumb\"},\"inLanguage\":\"pt-PT\",\"potentialAction\":[{\"@type\":\"ReadAction\",\"target\":[\"https:\\\/\\\/www.referenciaveterinaria.pt\\\/?page_id=232\"]}]},{\"@type\":\"BreadcrumbList\",\"@id\":\"https:\\\/\\\/www.referenciaveterinaria.pt\\\/?page_id=232#breadcrumb\",\"itemListElement\":[{\"@type\":\"ListItem\",\"position\":1,\"name\":\"In\u00edcio\",\"item\":\"https:\\\/\\\/www.referenciaveterinaria.pt\\\/\"},{\"@type\":\"ListItem\",\"position\":2,\"name\":\"Cardiologia e cirurgia cardiotor\u00e1cica\"}]},{\"@type\":\"WebSite\",\"@id\":\"https:\\\/\\\/www.referenciaveterinaria.pt\\\/#website\",\"url\":\"https:\\\/\\\/www.referenciaveterinaria.pt\\\/\",\"name\":\"Refer\u00eancia Veterin\u00e1ria\",\"description\":\"Refer\u00eancia Veterin\u00e1ria\",\"publisher\":{\"@id\":\"https:\\\/\\\/www.referenciaveterinaria.pt\\\/#organization\"},\"potentialAction\":[{\"@type\":\"SearchAction\",\"target\":{\"@type\":\"EntryPoint\",\"urlTemplate\":\"https:\\\/\\\/www.referenciaveterinaria.pt\\\/?s={search_term_string}\"},\"query-input\":{\"@type\":\"PropertyValueSpecification\",\"valueRequired\":true,\"valueName\":\"search_term_string\"}}],\"inLanguage\":\"pt-PT\"},{\"@type\":\"Organization\",\"@id\":\"https:\\\/\\\/www.referenciaveterinaria.pt\\\/#organization\",\"name\":\"Refer\u00eancia Veterin\u00e1ria\",\"url\":\"https:\\\/\\\/www.referenciaveterinaria.pt\\\/\",\"logo\":{\"@type\":\"ImageObject\",\"inLanguage\":\"pt-PT\",\"@id\":\"https:\\\/\\\/www.referenciaveterinaria.pt\\\/#\\\/schema\\\/logo\\\/image\\\/\",\"url\":\"https:\\\/\\\/www.referenciaveterinaria.pt\\\/wp-content\\\/uploads\\\/2019\\\/04\\\/Logotipo_3840x1540_CorPantone119c_897322_RGB137_115_34_hires_transp-1-e1556491362616.png\",\"contentUrl\":\"https:\\\/\\\/www.referenciaveterinaria.pt\\\/wp-content\\\/uploads\\\/2019\\\/04\\\/Logotipo_3840x1540_CorPantone119c_897322_RGB137_115_34_hires_transp-1-e1556491362616.png\",\"width\":249,\"height\":100,\"caption\":\"Refer\u00eancia Veterin\u00e1ria\"},\"image\":{\"@id\":\"https:\\\/\\\/www.referenciaveterinaria.pt\\\/#\\\/schema\\\/logo\\\/image\\\/\"},\"sameAs\":[\"https:\\\/\\\/www.facebook.com\\\/www.referenciaveterinaria.pt\"]}]}<\/script>\n<!-- \/ Yoast SEO plugin. -->","yoast_head_json":{"title":"Cardiologia e cirurgia cardiotor\u00e1cica - Refer\u00eancia Veterin\u00e1ria","description":"Uma parceria especializada de refer\u00eancia entre m\u00e9dicos veterin\u00e1rios para a melhoria do n\u00edvel de servi\u00e7o aos seus clientes! veterin\u00e1ria neurologia neurocirurgia oftalmologia ortopedia catarata conjuntivite oncologia resson\u00e2ncia magn\u00e9tica tomografia computorizada computadorizada radiologia digital cristina ribeiro jo\u00e3o ribeiro seruca ana rita serras pedro parreira pedro fachada enfermagem veterin\u00e1ria","robots":{"index":"index","follow":"follow","max-snippet":"max-snippet:-1","max-image-preview":"max-image-preview:large","max-video-preview":"max-video-preview:-1"},"canonical":"https:\/\/www.referenciaveterinaria.pt\/?page_id=232","og_locale":"pt_PT","og_type":"article","og_title":"Cardiologia e cirurgia cardiotor\u00e1cica - Refer\u00eancia Veterin\u00e1ria","og_description":"Uma parceria especializada de refer\u00eancia entre m\u00e9dicos veterin\u00e1rios para a melhoria do n\u00edvel de servi\u00e7o aos seus clientes! veterin\u00e1ria neurologia neurocirurgia oftalmologia ortopedia catarata conjuntivite oncologia resson\u00e2ncia magn\u00e9tica tomografia computorizada computadorizada radiologia digital cristina ribeiro jo\u00e3o ribeiro seruca ana rita serras pedro parreira pedro fachada enfermagem veterin\u00e1ria","og_url":"https:\/\/www.referenciaveterinaria.pt\/?page_id=232","og_site_name":"Refer\u00eancia Veterin\u00e1ria","article_publisher":"https:\/\/www.facebook.com\/www.referenciaveterinaria.pt","article_modified_time":"2021-04-21T21:46:29+00:00","twitter_card":"summary_large_image","twitter_misc":{"Tempo estimado de leitura":"1 minuto"},"schema":{"@context":"https:\/\/schema.org","@graph":[{"@type":"WebPage","@id":"https:\/\/www.referenciaveterinaria.pt\/?page_id=232","url":"https:\/\/www.referenciaveterinaria.pt\/?page_id=232","name":"Cardiologia e cirurgia cardiotor\u00e1cica - Refer\u00eancia Veterin\u00e1ria","isPartOf":{"@id":"https:\/\/www.referenciaveterinaria.pt\/#website"},"datePublished":"2012-08-12T21:02:11+00:00","dateModified":"2021-04-21T21:46:29+00:00","description":"Uma parceria especializada de refer\u00eancia entre m\u00e9dicos veterin\u00e1rios para a melhoria do n\u00edvel de servi\u00e7o aos seus clientes! veterin\u00e1ria neurologia neurocirurgia oftalmologia ortopedia catarata conjuntivite oncologia resson\u00e2ncia magn\u00e9tica tomografia computorizada computadorizada radiologia digital cristina ribeiro jo\u00e3o ribeiro seruca ana rita serras pedro parreira pedro fachada enfermagem veterin\u00e1ria","breadcrumb":{"@id":"https:\/\/www.referenciaveterinaria.pt\/?page_id=232#breadcrumb"},"inLanguage":"pt-PT","potentialAction":[{"@type":"ReadAction","target":["https:\/\/www.referenciaveterinaria.pt\/?page_id=232"]}]},{"@type":"BreadcrumbList","@id":"https:\/\/www.referenciaveterinaria.pt\/?page_id=232#breadcrumb","itemListElement":[{"@type":"ListItem","position":1,"name":"In\u00edcio","item":"https:\/\/www.referenciaveterinaria.pt\/"},{"@type":"ListItem","position":2,"name":"Cardiologia e cirurgia cardiotor\u00e1cica"}]},{"@type":"WebSite","@id":"https:\/\/www.referenciaveterinaria.pt\/#website","url":"https:\/\/www.referenciaveterinaria.pt\/","name":"Refer\u00eancia Veterin\u00e1ria","description":"Refer\u00eancia Veterin\u00e1ria","publisher":{"@id":"https:\/\/www.referenciaveterinaria.pt\/#organization"},"potentialAction":[{"@type":"SearchAction","target":{"@type":"EntryPoint","urlTemplate":"https:\/\/www.referenciaveterinaria.pt\/?s={search_term_string}"},"query-input":{"@type":"PropertyValueSpecification","valueRequired":true,"valueName":"search_term_string"}}],"inLanguage":"pt-PT"},{"@type":"Organization","@id":"https:\/\/www.referenciaveterinaria.pt\/#organization","name":"Refer\u00eancia Veterin\u00e1ria","url":"https:\/\/www.referenciaveterinaria.pt\/","logo":{"@type":"ImageObject","inLanguage":"pt-PT","@id":"https:\/\/www.referenciaveterinaria.pt\/#\/schema\/logo\/image\/","url":"https:\/\/www.referenciaveterinaria.pt\/wp-content\/uploads\/2019\/04\/Logotipo_3840x1540_CorPantone119c_897322_RGB137_115_34_hires_transp-1-e1556491362616.png","contentUrl":"https:\/\/www.referenciaveterinaria.pt\/wp-content\/uploads\/2019\/04\/Logotipo_3840x1540_CorPantone119c_897322_RGB137_115_34_hires_transp-1-e1556491362616.png","width":249,"height":100,"caption":"Refer\u00eancia Veterin\u00e1ria"},"image":{"@id":"https:\/\/www.referenciaveterinaria.pt\/#\/schema\/logo\/image\/"},"sameAs":["https:\/\/www.facebook.com\/www.referenciaveterinaria.pt"]}]}},"_links":{"self":[{"href":"https:\/\/www.referenciaveterinaria.pt\/index.php?rest_route=\/wp\/v2\/pages\/232","targetHints":{"allow":["GET"]}}],"collection":[{"href":"https:\/\/www.referenciaveterinaria.pt\/index.php?rest_route=\/wp\/v2\/pages"}],"about":[{"href":"https:\/\/www.referenciaveterinaria.pt\/index.php?rest_route=\/wp\/v2\/types\/page"}],"author":[{"embeddable":true,"href":"https:\/\/www.referenciaveterinaria.pt\/index.php?rest_route=\/wp\/v2\/users\/4"}],"replies":[{"embeddable":true,"href":"https:\/\/www.referenciaveterinaria.pt\/index.php?rest_route=%2Fwp%2Fv2%2Fcomments&post=232"}],"version-history":[{"count":8,"href":"https:\/\/www.referenciaveterinaria.pt\/index.php?rest_route=\/wp\/v2\/pages\/232\/revisions"}],"predecessor-version":[{"id":1926,"href":"https:\/\/www.referenciaveterinaria.pt\/index.php?rest_route=\/wp\/v2\/pages\/232\/revisions\/1926"}],"wp:attachment":[{"href":"https:\/\/www.referenciaveterinaria.pt\/index.php?rest_route=%2Fwp%2Fv2%2Fmedia&parent=232"}],"curies":[{"name":"wp","href":"https:\/\/api.w.org\/{rel}","templated":true}]}}