{"id":2399,"date":"2020-03-19T16:15:47","date_gmt":"2020-03-19T16:15:47","guid":{"rendered":"https:\/\/www.referenciaveterinaria.pt\/?page_id=2399"},"modified":"2024-08-14T14:15:41","modified_gmt":"2024-08-14T14:15:41","slug":"marcacao-de-servicos","status":"publish","type":"page","link":"https:\/\/www.referenciaveterinaria.pt\/?page_id=2399","title":{"rendered":"Marca\u00e7\u00e3o de Servi\u00e7os"},"content":{"rendered":"\n<p style=\"text-align: justify;\"><span style=\"color: #000000;\">Antes da sua visita, coordene com o M\u00e9dico Veterin\u00e1rio do seu animal a melhor forma de obter informa\u00e7\u00f5es sobre o caso cl\u00ednico e de encaminhar o caso do seu animal para a <a href=\"https:\/\/www.referenciaveterinaria.pt\/?page_id=498\">Refer\u00eancia Veterin\u00e1ria<\/a>. Para efectuar a marca\u00e7\u00e3o de servi\u00e7os, contacte-nos pela linha telef\u00f3nica ou por correio electr\u00f3nico (<span style=\"color: #897322;\"><a href=\"https:\/\/www.referenciaveterinaria.pt\/?page_id=38\" style=\"color: #897322;\">CONTACTOS<\/a><\/span>) de modo a agendar e preparar da melhor forma a sua visita.<\/span><\/p>\n<p style=\"text-align: justify;\"><span style=\"color: #000000;\">Tenha sempre presente que, face \u00e0 natureza cl\u00ednica e\/ou especialidade de interven\u00e7\u00e3o, as consultas podem ter menor ou maior dura\u00e7\u00e3o, devendo por isso contar com um eventual tempo de espera prolongado at\u00e9 ao atendimento. Al\u00e9m disso, o exame de imagiologia exige anestesia geral\/seda\u00e7\u00e3o, que pode implicar a necessidade de per\u00edodos longos de prepara\u00e7\u00e3o e\/ou recupera\u00e7\u00e3o. A perman\u00eancia do animal poder\u00e1 prolongar-se por v\u00e1rias horas e dever\u00e1 ter esse facto em conta quando planear a sua visita.<\/span><\/p>\n<p><\/p>\n<h3 style=\"text-align: center;\"><span style=\"color: #897322;\">Marca\u00e7\u00e3o de 1\u00aa Consulta<\/span><\/h3>\n<p><span style=\"color: #000000;\">Caso se trate da primeira consulta, o animal dever\u00e1 manter-se em <em><strong>jejum, de s\u00f3lidos e l\u00edquidos<\/strong><\/em>, desde as 00h00 do dia do exame.<\/span><\/p>\n<p style=\"text-align: justify;\"><span style=\"color: #000000;\">N\u00e3o alimente nem d\u00ea \u00e1gua ao seu animal. <em>Exceptuam-se as situa\u00e7\u00f5es relativas<span style=\"color: #000000;\"> a <strong>animais jovens ou com doen\u00e7as que exijam cuidados alimentares espec\u00edficos<\/strong>; n<\/span>este caso, contacte o M\u00e9dico Veterin\u00e1rio do seu animal para receber as recomenda\u00e7\u00f5es pertinentes \u00e0 situa\u00e7\u00e3o espec\u00edfica.<\/em><\/span><\/p>\n<p style=\"text-align: justify;\"><span style=\"color: #000000;\">Caso o seu animal esteja sob medica\u00e7\u00e3o, informe-nos dessa situa\u00e7\u00e3o no acto da marca\u00e7\u00e3o.<\/span><\/p>\n<p style=\"text-align: justify;\"><span style=\"color: #000000;\">Fa\u00e7a-se acompanhar por toda a informa\u00e7\u00e3o relativa ao caso cl\u00ednico, nomeadamente:<\/span><\/p>\n<ul style=\"list-style-type: disc;\">\n<li style=\"text-align: justify;\"><span style=\"color: #000000;\">Informa\u00e7\u00e3o \/ descri\u00e7\u00e3o \/ relat\u00f3rio do M\u00e9dico Veterin\u00e1rio que acompanha o caso do animal, incluindo toda a hist\u00f3ria cl\u00ednica pertinente.<\/span><\/li>\n<li style=\"text-align: justify;\"><span style=\"color: #000000;\">Quaisquer exames e\/ou an\u00e1lises realizados no \u00e2mbito do caso cl\u00ednico ou recentes e que o M\u00e9dico Veterin\u00e1rio referenciador considere significativos.<\/span><\/li>\n<\/ul>\n<p style=\"text-align: justify;\"><\/p>\n<h3 style=\"text-align: center;\"><span style=\"color: #897322;\">Consultas de Acompanhamento<\/span><\/h3>\n<p style=\"text-align: justify;\"><span style=\"color: #000000;\">As consultas de acompanhamento realizar-se-\u00e3o em caso de indica\u00e7\u00e3o espec\u00edfica do M\u00e9dico Veterin\u00e1rio, sendo as marca\u00e7\u00f5es normalmente geridas e agendadas em fun\u00e7\u00e3o do desenrolar do caso cl\u00ednico. Receber\u00e1 as informa\u00e7\u00f5es de orienta\u00e7\u00e3o quando realizar a primeira consulta.<\/span><\/p>\n<p><\/p>\n<h3 style=\"text-align: center;\"><span style=\"color: #897322;\">Marca\u00e7\u00e3o de exames isolados sem consulta<\/span><\/h3>\n<p style=\"text-align: justify;\"><span style=\"color: #000000;\">A marca\u00e7\u00e3o de exames de Resson\u00e2ncia Magn\u00e9tica dever\u00e1 ser realizada com a respectiva requisi\u00e7\u00e3o, mencionando a regi\u00e3o na qual ser\u00e1 realizado o exame.<\/span><\/p>\n<p style=\"text-align: justify;\"><span style=\"text-align: justify;\">Para a marca\u00e7\u00e3o de exames de Resson\u00e2ncia Magn\u00e9tica, aplicam-se tamb\u00e9m as indica\u00e7\u00f5es correspondentes: <\/span><span style=\"color: #000000;\">o animal dever\u00e1 manter-se em <em><strong>jejum, de s\u00f3lidos e l\u00edquidos<\/strong><\/em>, desde as 00h00 do dia do exame.<\/span><\/p>\n<p style=\"text-align: justify;\"><span style=\"text-align: justify;\">N\u00e3o alimente nem d\u00ea \u00e1gua ao seu animal. <em>Exceptuam-se as situa\u00e7\u00f5es relativas a <strong>animais jovens ou com doen\u00e7as que exijam cuidados alimentares espec\u00edficos<\/strong>; neste caso, contacte o M\u00e9dico Veterin\u00e1rio do seu animal para receber as recomenda\u00e7\u00f5es pertinentes \u00e0 situa\u00e7\u00e3o espec\u00edfica.<\/em><\/span><\/p>\n<p style=\"text-align: justify;\"><span style=\"text-align: justify;\">Caso o seu animal esteja sob medica\u00e7\u00e3o, informe-nos dessa situa\u00e7\u00e3o no acto da marca\u00e7\u00e3o.<\/span><\/p>\n<p style=\"text-align: justify;\"><span style=\"color: #000000;\">Tenha sempre presente que, face \u00e0 natureza cl\u00ednica e\/ou especialidade de interven\u00e7\u00e3o, o exame de imagiologia exige anestesia geral\/seda\u00e7\u00e3o, que pode implicar a necessidade de per\u00edodos longos de prepara\u00e7\u00e3o e\/ou recupera\u00e7\u00e3o. A perman\u00eancia do animal poder\u00e1 prolongar-se por v\u00e1rias horas e dever\u00e1 ter esse facto em conta quando planear a sua visita.<\/span><\/p>\n<p style=\"text-align: justify;\"><span style=\"color: #000000;\">As imagens dos exames e o respectivo relat\u00f3rio (se for caso disso) ser\u00e3o enviados por via electr\u00f3nica para o Tutor do animal (e para o M\u00e9dico Veterin\u00e1rio referenciador, mediante autoriza\u00e7\u00e3o expressa do Tutor), normalmente no prazo de 5-7 dias \u00fateis.<\/span><\/p>\n<p style=\"text-align: justify;\"><span style=\"color: #000000;\">Qualquer informa\u00e7\u00e3o adicional ser\u00e1 comunicada pelo elemento da nossa equipa que der alta ao seu animal.<\/span><\/p>\n","protected":false},"excerpt":{"rendered":"<p>Antes da sua visita, coordene com o M\u00e9dico Veterin\u00e1rio do seu animal a melhor forma de obter informa\u00e7\u00f5es sobre o caso cl\u00ednico e de encaminhar o caso do seu animal para a Refer\u00eancia Veterin\u00e1ria. Para efectuar a marca\u00e7\u00e3o de servi\u00e7os, contacte-nos pela linha telef\u00f3nica ou por correio electr\u00f3nico (CONTACTOS) de [&hellip;]<\/p>\n","protected":false},"author":4,"featured_media":0,"parent":0,"menu_order":0,"comment_status":"closed","ping_status":"closed","template":"","meta":{"footnotes":""},"class_list":["post-2399","page","type-page","status-publish","hentry"],"yoast_head":"<!-- This site is optimized with the Yoast SEO plugin v27.3 - https:\/\/yoast.com\/product\/yoast-seo-wordpress\/ -->\n<title>Marca\u00e7\u00e3o de Servi\u00e7os - Refer\u00eancia Veterin\u00e1ria<\/title>\n<meta name=\"description\" content=\"Uma parceria especializada de refer\u00eancia entre m\u00e9dicos veterin\u00e1rios para a melhoria do n\u00edvel de servi\u00e7o aos seus clientes! veterin\u00e1ria neurologia neurocirurgia oftalmologia ortopedia catarata conjuntivite oncologia resson\u00e2ncia magn\u00e9tica tomografia computorizada computadorizada radiologia digital cristina ribeiro jo\u00e3o ribeiro seruca ana rita serras pedro parreira pedro fachada enfermagem veterin\u00e1ria\" \/>\n<meta name=\"robots\" content=\"index, follow, max-snippet:-1, max-image-preview:large, max-video-preview:-1\" \/>\n<link rel=\"canonical\" href=\"https:\/\/www.referenciaveterinaria.pt\/?page_id=2399\" \/>\n<meta property=\"og:locale\" content=\"pt_PT\" \/>\n<meta property=\"og:type\" content=\"article\" \/>\n<meta property=\"og:title\" content=\"Marca\u00e7\u00e3o de Servi\u00e7os - Refer\u00eancia Veterin\u00e1ria\" \/>\n<meta property=\"og:description\" content=\"Uma parceria especializada de refer\u00eancia entre m\u00e9dicos veterin\u00e1rios para a melhoria do n\u00edvel de servi\u00e7o aos seus clientes! veterin\u00e1ria neurologia neurocirurgia oftalmologia ortopedia catarata conjuntivite oncologia resson\u00e2ncia magn\u00e9tica tomografia computorizada computadorizada radiologia digital cristina ribeiro jo\u00e3o ribeiro seruca ana rita serras pedro parreira pedro fachada enfermagem veterin\u00e1ria\" \/>\n<meta property=\"og:url\" content=\"https:\/\/www.referenciaveterinaria.pt\/?page_id=2399\" \/>\n<meta property=\"og:site_name\" content=\"Refer\u00eancia Veterin\u00e1ria\" \/>\n<meta property=\"article:publisher\" content=\"https:\/\/www.facebook.com\/www.referenciaveterinaria.pt\" \/>\n<meta property=\"article:modified_time\" content=\"2024-08-14T14:15:41+00:00\" \/>\n<meta name=\"twitter:card\" content=\"summary_large_image\" \/>\n<meta name=\"twitter:label1\" content=\"Tempo estimado de leitura\" \/>\n\t<meta name=\"twitter:data1\" content=\"3 minutos\" \/>\n<script type=\"application\/ld+json\" class=\"yoast-schema-graph\">{\"@context\":\"https:\\\/\\\/schema.org\",\"@graph\":[{\"@type\":\"WebPage\",\"@id\":\"https:\\\/\\\/www.referenciaveterinaria.pt\\\/?page_id=2399\",\"url\":\"https:\\\/\\\/www.referenciaveterinaria.pt\\\/?page_id=2399\",\"name\":\"Marca\u00e7\u00e3o de Servi\u00e7os - Refer\u00eancia Veterin\u00e1ria\",\"isPartOf\":{\"@id\":\"https:\\\/\\\/www.referenciaveterinaria.pt\\\/#website\"},\"datePublished\":\"2020-03-19T16:15:47+00:00\",\"dateModified\":\"2024-08-14T14:15:41+00:00\",\"description\":\"Uma parceria especializada de refer\u00eancia entre m\u00e9dicos veterin\u00e1rios para a melhoria do n\u00edvel de servi\u00e7o aos seus clientes! veterin\u00e1ria neurologia neurocirurgia oftalmologia ortopedia catarata conjuntivite oncologia resson\u00e2ncia magn\u00e9tica tomografia computorizada computadorizada radiologia digital cristina ribeiro jo\u00e3o ribeiro seruca ana rita serras pedro parreira pedro fachada enfermagem veterin\u00e1ria\",\"breadcrumb\":{\"@id\":\"https:\\\/\\\/www.referenciaveterinaria.pt\\\/?page_id=2399#breadcrumb\"},\"inLanguage\":\"pt-PT\",\"potentialAction\":[{\"@type\":\"ReadAction\",\"target\":[\"https:\\\/\\\/www.referenciaveterinaria.pt\\\/?page_id=2399\"]}]},{\"@type\":\"BreadcrumbList\",\"@id\":\"https:\\\/\\\/www.referenciaveterinaria.pt\\\/?page_id=2399#breadcrumb\",\"itemListElement\":[{\"@type\":\"ListItem\",\"position\":1,\"name\":\"In\u00edcio\",\"item\":\"https:\\\/\\\/www.referenciaveterinaria.pt\\\/\"},{\"@type\":\"ListItem\",\"position\":2,\"name\":\"Marca\u00e7\u00e3o de Servi\u00e7os\"}]},{\"@type\":\"WebSite\",\"@id\":\"https:\\\/\\\/www.referenciaveterinaria.pt\\\/#website\",\"url\":\"https:\\\/\\\/www.referenciaveterinaria.pt\\\/\",\"name\":\"Refer\u00eancia Veterin\u00e1ria\",\"description\":\"Refer\u00eancia Veterin\u00e1ria\",\"publisher\":{\"@id\":\"https:\\\/\\\/www.referenciaveterinaria.pt\\\/#organization\"},\"potentialAction\":[{\"@type\":\"SearchAction\",\"target\":{\"@type\":\"EntryPoint\",\"urlTemplate\":\"https:\\\/\\\/www.referenciaveterinaria.pt\\\/?s={search_term_string}\"},\"query-input\":{\"@type\":\"PropertyValueSpecification\",\"valueRequired\":true,\"valueName\":\"search_term_string\"}}],\"inLanguage\":\"pt-PT\"},{\"@type\":\"Organization\",\"@id\":\"https:\\\/\\\/www.referenciaveterinaria.pt\\\/#organization\",\"name\":\"Refer\u00eancia Veterin\u00e1ria\",\"url\":\"https:\\\/\\\/www.referenciaveterinaria.pt\\\/\",\"logo\":{\"@type\":\"ImageObject\",\"inLanguage\":\"pt-PT\",\"@id\":\"https:\\\/\\\/www.referenciaveterinaria.pt\\\/#\\\/schema\\\/logo\\\/image\\\/\",\"url\":\"https:\\\/\\\/www.referenciaveterinaria.pt\\\/wp-content\\\/uploads\\\/2019\\\/04\\\/Logotipo_3840x1540_CorPantone119c_897322_RGB137_115_34_hires_transp-1-e1556491362616.png\",\"contentUrl\":\"https:\\\/\\\/www.referenciaveterinaria.pt\\\/wp-content\\\/uploads\\\/2019\\\/04\\\/Logotipo_3840x1540_CorPantone119c_897322_RGB137_115_34_hires_transp-1-e1556491362616.png\",\"width\":249,\"height\":100,\"caption\":\"Refer\u00eancia Veterin\u00e1ria\"},\"image\":{\"@id\":\"https:\\\/\\\/www.referenciaveterinaria.pt\\\/#\\\/schema\\\/logo\\\/image\\\/\"},\"sameAs\":[\"https:\\\/\\\/www.facebook.com\\\/www.referenciaveterinaria.pt\"]}]}<\/script>\n<!-- \/ Yoast SEO plugin. -->","yoast_head_json":{"title":"Marca\u00e7\u00e3o de Servi\u00e7os - Refer\u00eancia Veterin\u00e1ria","description":"Uma parceria especializada de refer\u00eancia entre m\u00e9dicos veterin\u00e1rios para a melhoria do n\u00edvel de servi\u00e7o aos seus clientes! veterin\u00e1ria neurologia neurocirurgia oftalmologia ortopedia catarata conjuntivite oncologia resson\u00e2ncia magn\u00e9tica tomografia computorizada computadorizada radiologia digital cristina ribeiro jo\u00e3o ribeiro seruca ana rita serras pedro parreira pedro fachada enfermagem veterin\u00e1ria","robots":{"index":"index","follow":"follow","max-snippet":"max-snippet:-1","max-image-preview":"max-image-preview:large","max-video-preview":"max-video-preview:-1"},"canonical":"https:\/\/www.referenciaveterinaria.pt\/?page_id=2399","og_locale":"pt_PT","og_type":"article","og_title":"Marca\u00e7\u00e3o de Servi\u00e7os - Refer\u00eancia Veterin\u00e1ria","og_description":"Uma parceria especializada de refer\u00eancia entre m\u00e9dicos veterin\u00e1rios para a melhoria do n\u00edvel de servi\u00e7o aos seus clientes! veterin\u00e1ria neurologia neurocirurgia oftalmologia ortopedia catarata conjuntivite oncologia resson\u00e2ncia magn\u00e9tica tomografia computorizada computadorizada radiologia digital cristina ribeiro jo\u00e3o ribeiro seruca ana rita serras pedro parreira pedro fachada enfermagem veterin\u00e1ria","og_url":"https:\/\/www.referenciaveterinaria.pt\/?page_id=2399","og_site_name":"Refer\u00eancia Veterin\u00e1ria","article_publisher":"https:\/\/www.facebook.com\/www.referenciaveterinaria.pt","article_modified_time":"2024-08-14T14:15:41+00:00","twitter_card":"summary_large_image","twitter_misc":{"Tempo estimado de leitura":"3 minutos"},"schema":{"@context":"https:\/\/schema.org","@graph":[{"@type":"WebPage","@id":"https:\/\/www.referenciaveterinaria.pt\/?page_id=2399","url":"https:\/\/www.referenciaveterinaria.pt\/?page_id=2399","name":"Marca\u00e7\u00e3o de Servi\u00e7os - Refer\u00eancia Veterin\u00e1ria","isPartOf":{"@id":"https:\/\/www.referenciaveterinaria.pt\/#website"},"datePublished":"2020-03-19T16:15:47+00:00","dateModified":"2024-08-14T14:15:41+00:00","description":"Uma parceria especializada de refer\u00eancia entre m\u00e9dicos veterin\u00e1rios para a melhoria do n\u00edvel de servi\u00e7o aos seus clientes! veterin\u00e1ria neurologia neurocirurgia oftalmologia ortopedia catarata conjuntivite oncologia resson\u00e2ncia magn\u00e9tica tomografia computorizada computadorizada radiologia digital cristina ribeiro jo\u00e3o ribeiro seruca ana rita serras pedro parreira pedro fachada enfermagem veterin\u00e1ria","breadcrumb":{"@id":"https:\/\/www.referenciaveterinaria.pt\/?page_id=2399#breadcrumb"},"inLanguage":"pt-PT","potentialAction":[{"@type":"ReadAction","target":["https:\/\/www.referenciaveterinaria.pt\/?page_id=2399"]}]},{"@type":"BreadcrumbList","@id":"https:\/\/www.referenciaveterinaria.pt\/?page_id=2399#breadcrumb","itemListElement":[{"@type":"ListItem","position":1,"name":"In\u00edcio","item":"https:\/\/www.referenciaveterinaria.pt\/"},{"@type":"ListItem","position":2,"name":"Marca\u00e7\u00e3o de Servi\u00e7os"}]},{"@type":"WebSite","@id":"https:\/\/www.referenciaveterinaria.pt\/#website","url":"https:\/\/www.referenciaveterinaria.pt\/","name":"Refer\u00eancia Veterin\u00e1ria","description":"Refer\u00eancia Veterin\u00e1ria","publisher":{"@id":"https:\/\/www.referenciaveterinaria.pt\/#organization"},"potentialAction":[{"@type":"SearchAction","target":{"@type":"EntryPoint","urlTemplate":"https:\/\/www.referenciaveterinaria.pt\/?s={search_term_string}"},"query-input":{"@type":"PropertyValueSpecification","valueRequired":true,"valueName":"search_term_string"}}],"inLanguage":"pt-PT"},{"@type":"Organization","@id":"https:\/\/www.referenciaveterinaria.pt\/#organization","name":"Refer\u00eancia Veterin\u00e1ria","url":"https:\/\/www.referenciaveterinaria.pt\/","logo":{"@type":"ImageObject","inLanguage":"pt-PT","@id":"https:\/\/www.referenciaveterinaria.pt\/#\/schema\/logo\/image\/","url":"https:\/\/www.referenciaveterinaria.pt\/wp-content\/uploads\/2019\/04\/Logotipo_3840x1540_CorPantone119c_897322_RGB137_115_34_hires_transp-1-e1556491362616.png","contentUrl":"https:\/\/www.referenciaveterinaria.pt\/wp-content\/uploads\/2019\/04\/Logotipo_3840x1540_CorPantone119c_897322_RGB137_115_34_hires_transp-1-e1556491362616.png","width":249,"height":100,"caption":"Refer\u00eancia Veterin\u00e1ria"},"image":{"@id":"https:\/\/www.referenciaveterinaria.pt\/#\/schema\/logo\/image\/"},"sameAs":["https:\/\/www.facebook.com\/www.referenciaveterinaria.pt"]}]}},"_links":{"self":[{"href":"https:\/\/www.referenciaveterinaria.pt\/index.php?rest_route=\/wp\/v2\/pages\/2399","targetHints":{"allow":["GET"]}}],"collection":[{"href":"https:\/\/www.referenciaveterinaria.pt\/index.php?rest_route=\/wp\/v2\/pages"}],"about":[{"href":"https:\/\/www.referenciaveterinaria.pt\/index.php?rest_route=\/wp\/v2\/types\/page"}],"author":[{"embeddable":true,"href":"https:\/\/www.referenciaveterinaria.pt\/index.php?rest_route=\/wp\/v2\/users\/4"}],"replies":[{"embeddable":true,"href":"https:\/\/www.referenciaveterinaria.pt\/index.php?rest_route=%2Fwp%2Fv2%2Fcomments&post=2399"}],"version-history":[{"count":25,"href":"https:\/\/www.referenciaveterinaria.pt\/index.php?rest_route=\/wp\/v2\/pages\/2399\/revisions"}],"predecessor-version":[{"id":2845,"href":"https:\/\/www.referenciaveterinaria.pt\/index.php?rest_route=\/wp\/v2\/pages\/2399\/revisions\/2845"}],"wp:attachment":[{"href":"https:\/\/www.referenciaveterinaria.pt\/index.php?rest_route=%2Fwp%2Fv2%2Fmedia&parent=2399"}],"curies":[{"name":"wp","href":"https:\/\/api.w.org\/{rel}","templated":true}]}}