{"id":2841,"date":"2024-08-02T12:02:41","date_gmt":"2024-08-02T12:02:41","guid":{"rendered":"https:\/\/www.referenciaveterinaria.pt\/?page_id=2841"},"modified":"2024-10-16T17:08:41","modified_gmt":"2024-10-16T17:08:41","slug":"enf-a-vet-a-rute-amorim","status":"publish","type":"page","link":"https:\/\/www.referenciaveterinaria.pt\/?page_id=2841","title":{"rendered":"Enf.\u00aa Vet.\u00aa Rute Amorim"},"content":{"rendered":"\n<figure class=\"wp-block-image size-full is-resized\"><img loading=\"lazy\" decoding=\"async\" width=\"1840\" height=\"1840\" src=\"https:\/\/www.referenciaveterinaria.pt\/wp-content\/uploads\/2024\/08\/Rute-Amorim_1840x1840.jpeg\" alt=\"\" class=\"wp-image-2842\" style=\"width:167px;height:auto\" srcset=\"https:\/\/www.referenciaveterinaria.pt\/wp-content\/uploads\/2024\/08\/Rute-Amorim_1840x1840.jpeg 1840w, https:\/\/www.referenciaveterinaria.pt\/wp-content\/uploads\/2024\/08\/Rute-Amorim_1840x1840-300x300.jpeg 300w, https:\/\/www.referenciaveterinaria.pt\/wp-content\/uploads\/2024\/08\/Rute-Amorim_1840x1840-1024x1024.jpeg 1024w, https:\/\/www.referenciaveterinaria.pt\/wp-content\/uploads\/2024\/08\/Rute-Amorim_1840x1840-150x150.jpeg 150w, https:\/\/www.referenciaveterinaria.pt\/wp-content\/uploads\/2024\/08\/Rute-Amorim_1840x1840-768x768.jpeg 768w, https:\/\/www.referenciaveterinaria.pt\/wp-content\/uploads\/2024\/08\/Rute-Amorim_1840x1840-1536x1536.jpeg 1536w\" sizes=\"auto, (max-width: 1840px) 100vw, 1840px\" \/><\/figure>\n\n\n\n<p>Enfermeira Veterin\u00e1ria <strong>Rute Amorim<\/strong><\/p>\n\n\n\n<p><strong>Licenciatura em Enfermagem Veterin\u00e1ria  &#8211; N\u00edvel 6 QNQ<\/strong><br \/>Escola Superior Agr\u00e1ria de Ponte de Lima \u2013 IPVC, Ponte de Lima, Viana do Castelo, Portugal 2021<\/p>\n\n\n\n<p><strong>Est\u00e1gios Profissionais\/Curriculares como Enfermeira Veterin\u00e1ria<br \/><\/strong>2015 &#8211; Hospital Veterin\u00e1rio da Bicuda, Cascais<strong><br \/><\/strong><\/p>\n\n\n\n<p><span class=\"fontstyle0\"><strong>Curso Auxiliar de Veterin\u00e1ria<\/strong><br \/><\/span><span class=\"fontstyle2\">S.A. Forma\u00e7\u00e3o, LIsboa<br \/><\/span><span class=\"fontstyle2\">Est\u00e1gio realizado em Hospital Veterin\u00e1rio da Bicuda<br \/><\/span><span class=\"fontstyle2\">Jul 2014 &#8211; Jan 2015<\/span><\/p>\n\n\n\n<p><strong>Forma\u00e7\u00e3o e actividades extracurriculares<\/strong><\/p>\n<ul>\n<li><span class=\"fontstyle2\">Congresso Montenegro 2018 &#8211; VIII Congresso de Enfermagem Veterin\u00e1ria<br \/><\/span><span class=\"fontstyle2\">Neurologia sem segredos<\/span><\/li>\n<li><span class=\"fontstyle2\">Congresso Montenegro 2019 &#8211; IX Congresso de Enfermagem Veterin\u00e1ria<br \/>Dermatologia sem segredos<br \/><\/span><\/li>\n<li><span class=\"fontstyle0\">Congresso Montenegro 2023 &#8211; <\/span><span class=\"fontstyle2\">Congresso Internacional Veterin\u00e1rio Montenegro<br \/><\/span><span class=\"fontstyle2\">Pr\u00f3xima d\u00e9cada sem segredos<\/span><\/li>\n<li><span class=\"fontstyle0\">Congresso Enfermagem Veterin\u00e1ria 2023<br \/><\/span><span class=\"fontstyle2\">1\u00ba Congresso VetNurseUpdate<br \/><\/span><\/li>\n<\/ul>\n<p><\/p>\n","protected":false},"excerpt":{"rendered":"<p>Enfermeira Veterin\u00e1ria Rute Amorim Licenciatura em Enfermagem Veterin\u00e1ria &#8211; N\u00edvel 6 QNQEscola Superior Agr\u00e1ria de Ponte de Lima \u2013 IPVC, Ponte de Lima, Viana do Castelo, Portugal 2021 Est\u00e1gios Profissionais\/Curriculares como Enfermeira Veterin\u00e1ria2015 &#8211; Hospital Veterin\u00e1rio da Bicuda, Cascais Curso Auxiliar de Veterin\u00e1riaS.A. Forma\u00e7\u00e3o, LIsboaEst\u00e1gio realizado em Hospital Veterin\u00e1rio da [&hellip;]<\/p>\n","protected":false},"author":4,"featured_media":0,"parent":0,"menu_order":0,"comment_status":"closed","ping_status":"closed","template":"","meta":{"footnotes":""},"class_list":["post-2841","page","type-page","status-publish","hentry"],"yoast_head":"<!-- This site is optimized with the Yoast SEO plugin v27.6 - https:\/\/yoast.com\/product\/yoast-seo-wordpress\/ -->\n<title>Enf.\u00aa Vet.\u00aa Rute Amorim - Refer\u00eancia Veterin\u00e1ria<\/title>\n<meta name=\"description\" content=\"Uma parceria especializada de refer\u00eancia entre m\u00e9dicos veterin\u00e1rios para a melhoria do n\u00edvel de servi\u00e7o aos seus clientes! veterin\u00e1ria neurologia neurocirurgia oftalmologia ortopedia catarata conjuntivite oncologia resson\u00e2ncia magn\u00e9tica tomografia computorizada computadorizada radiologia digital cristina ribeiro jo\u00e3o ribeiro seruca ana rita serras pedro parreira pedro fachada enfermagem veterin\u00e1ria\" \/>\n<meta name=\"robots\" content=\"index, follow, max-snippet:-1, max-image-preview:large, max-video-preview:-1\" \/>\n<link rel=\"canonical\" href=\"https:\/\/www.referenciaveterinaria.pt\/?page_id=2841\" \/>\n<meta property=\"og:locale\" content=\"pt_PT\" \/>\n<meta property=\"og:type\" content=\"article\" \/>\n<meta property=\"og:title\" content=\"Enf.\u00aa Vet.\u00aa Rute Amorim - Refer\u00eancia Veterin\u00e1ria\" \/>\n<meta property=\"og:description\" content=\"Uma parceria especializada de refer\u00eancia entre m\u00e9dicos veterin\u00e1rios para a melhoria do n\u00edvel de servi\u00e7o aos seus clientes! veterin\u00e1ria neurologia neurocirurgia oftalmologia ortopedia catarata conjuntivite oncologia resson\u00e2ncia magn\u00e9tica tomografia computorizada computadorizada radiologia digital cristina ribeiro jo\u00e3o ribeiro seruca ana rita serras pedro parreira pedro fachada enfermagem veterin\u00e1ria\" \/>\n<meta property=\"og:url\" content=\"https:\/\/www.referenciaveterinaria.pt\/?page_id=2841\" \/>\n<meta property=\"og:site_name\" content=\"Refer\u00eancia Veterin\u00e1ria\" \/>\n<meta property=\"article:publisher\" content=\"https:\/\/www.facebook.com\/www.referenciaveterinaria.pt\" \/>\n<meta property=\"article:modified_time\" content=\"2024-10-16T17:08:41+00:00\" \/>\n<meta property=\"og:image\" content=\"https:\/\/www.referenciaveterinaria.pt\/wp-content\/uploads\/2024\/08\/Rute-Amorim_1840x1840.jpeg\" \/>\n\t<meta property=\"og:image:width\" content=\"1840\" \/>\n\t<meta property=\"og:image:height\" content=\"1840\" \/>\n\t<meta property=\"og:image:type\" content=\"image\/jpeg\" \/>\n<meta name=\"twitter:card\" content=\"summary_large_image\" \/>\n<meta name=\"twitter:label1\" content=\"Tempo estimado de leitura\" \/>\n\t<meta name=\"twitter:data1\" content=\"1 minuto\" \/>\n<script type=\"application\/ld+json\" class=\"yoast-schema-graph\">{\"@context\":\"https:\\\/\\\/schema.org\",\"@graph\":[{\"@type\":\"WebPage\",\"@id\":\"https:\\\/\\\/www.referenciaveterinaria.pt\\\/?page_id=2841\",\"url\":\"https:\\\/\\\/www.referenciaveterinaria.pt\\\/?page_id=2841\",\"name\":\"Enf.\u00aa Vet.\u00aa Rute Amorim - Refer\u00eancia Veterin\u00e1ria\",\"isPartOf\":{\"@id\":\"https:\\\/\\\/www.referenciaveterinaria.pt\\\/#website\"},\"primaryImageOfPage\":{\"@id\":\"https:\\\/\\\/www.referenciaveterinaria.pt\\\/?page_id=2841#primaryimage\"},\"image\":{\"@id\":\"https:\\\/\\\/www.referenciaveterinaria.pt\\\/?page_id=2841#primaryimage\"},\"thumbnailUrl\":\"https:\\\/\\\/www.referenciaveterinaria.pt\\\/wp-content\\\/uploads\\\/2024\\\/08\\\/Rute-Amorim_1840x1840.jpeg\",\"datePublished\":\"2024-08-02T12:02:41+00:00\",\"dateModified\":\"2024-10-16T17:08:41+00:00\",\"description\":\"Uma parceria especializada de refer\u00eancia entre m\u00e9dicos veterin\u00e1rios para a melhoria do n\u00edvel de servi\u00e7o aos seus clientes! veterin\u00e1ria neurologia neurocirurgia oftalmologia ortopedia catarata conjuntivite oncologia resson\u00e2ncia magn\u00e9tica tomografia computorizada computadorizada radiologia digital cristina ribeiro jo\u00e3o ribeiro seruca ana rita serras pedro parreira pedro fachada enfermagem veterin\u00e1ria\",\"breadcrumb\":{\"@id\":\"https:\\\/\\\/www.referenciaveterinaria.pt\\\/?page_id=2841#breadcrumb\"},\"inLanguage\":\"pt-PT\",\"potentialAction\":[{\"@type\":\"ReadAction\",\"target\":[\"https:\\\/\\\/www.referenciaveterinaria.pt\\\/?page_id=2841\"]}]},{\"@type\":\"ImageObject\",\"inLanguage\":\"pt-PT\",\"@id\":\"https:\\\/\\\/www.referenciaveterinaria.pt\\\/?page_id=2841#primaryimage\",\"url\":\"https:\\\/\\\/www.referenciaveterinaria.pt\\\/wp-content\\\/uploads\\\/2024\\\/08\\\/Rute-Amorim_1840x1840.jpeg\",\"contentUrl\":\"https:\\\/\\\/www.referenciaveterinaria.pt\\\/wp-content\\\/uploads\\\/2024\\\/08\\\/Rute-Amorim_1840x1840.jpeg\",\"width\":1840,\"height\":1840},{\"@type\":\"BreadcrumbList\",\"@id\":\"https:\\\/\\\/www.referenciaveterinaria.pt\\\/?page_id=2841#breadcrumb\",\"itemListElement\":[{\"@type\":\"ListItem\",\"position\":1,\"name\":\"In\u00edcio\",\"item\":\"https:\\\/\\\/www.referenciaveterinaria.pt\\\/\"},{\"@type\":\"ListItem\",\"position\":2,\"name\":\"Enf.\u00aa Vet.\u00aa Rute Amorim\"}]},{\"@type\":\"WebSite\",\"@id\":\"https:\\\/\\\/www.referenciaveterinaria.pt\\\/#website\",\"url\":\"https:\\\/\\\/www.referenciaveterinaria.pt\\\/\",\"name\":\"Refer\u00eancia Veterin\u00e1ria\",\"description\":\"Refer\u00eancia Veterin\u00e1ria\",\"publisher\":{\"@id\":\"https:\\\/\\\/www.referenciaveterinaria.pt\\\/#organization\"},\"potentialAction\":[{\"@type\":\"SearchAction\",\"target\":{\"@type\":\"EntryPoint\",\"urlTemplate\":\"https:\\\/\\\/www.referenciaveterinaria.pt\\\/?s={search_term_string}\"},\"query-input\":{\"@type\":\"PropertyValueSpecification\",\"valueRequired\":true,\"valueName\":\"search_term_string\"}}],\"inLanguage\":\"pt-PT\"},{\"@type\":\"Organization\",\"@id\":\"https:\\\/\\\/www.referenciaveterinaria.pt\\\/#organization\",\"name\":\"Refer\u00eancia Veterin\u00e1ria\",\"url\":\"https:\\\/\\\/www.referenciaveterinaria.pt\\\/\",\"logo\":{\"@type\":\"ImageObject\",\"inLanguage\":\"pt-PT\",\"@id\":\"https:\\\/\\\/www.referenciaveterinaria.pt\\\/#\\\/schema\\\/logo\\\/image\\\/\",\"url\":\"https:\\\/\\\/www.referenciaveterinaria.pt\\\/wp-content\\\/uploads\\\/2019\\\/04\\\/Logotipo_3840x1540_CorPantone119c_897322_RGB137_115_34_hires_transp-1-e1556491362616.png\",\"contentUrl\":\"https:\\\/\\\/www.referenciaveterinaria.pt\\\/wp-content\\\/uploads\\\/2019\\\/04\\\/Logotipo_3840x1540_CorPantone119c_897322_RGB137_115_34_hires_transp-1-e1556491362616.png\",\"width\":249,\"height\":100,\"caption\":\"Refer\u00eancia Veterin\u00e1ria\"},\"image\":{\"@id\":\"https:\\\/\\\/www.referenciaveterinaria.pt\\\/#\\\/schema\\\/logo\\\/image\\\/\"},\"sameAs\":[\"https:\\\/\\\/www.facebook.com\\\/www.referenciaveterinaria.pt\"]}]}<\/script>\n<!-- \/ Yoast SEO plugin. -->","yoast_head_json":{"title":"Enf.\u00aa Vet.\u00aa Rute Amorim - Refer\u00eancia Veterin\u00e1ria","description":"Uma parceria especializada de refer\u00eancia entre m\u00e9dicos veterin\u00e1rios para a melhoria do n\u00edvel de servi\u00e7o aos seus clientes! veterin\u00e1ria neurologia neurocirurgia oftalmologia ortopedia catarata conjuntivite oncologia resson\u00e2ncia magn\u00e9tica tomografia computorizada computadorizada radiologia digital cristina ribeiro jo\u00e3o ribeiro seruca ana rita serras pedro parreira pedro fachada enfermagem veterin\u00e1ria","robots":{"index":"index","follow":"follow","max-snippet":"max-snippet:-1","max-image-preview":"max-image-preview:large","max-video-preview":"max-video-preview:-1"},"canonical":"https:\/\/www.referenciaveterinaria.pt\/?page_id=2841","og_locale":"pt_PT","og_type":"article","og_title":"Enf.\u00aa Vet.\u00aa Rute Amorim - Refer\u00eancia Veterin\u00e1ria","og_description":"Uma parceria especializada de refer\u00eancia entre m\u00e9dicos veterin\u00e1rios para a melhoria do n\u00edvel de servi\u00e7o aos seus clientes! veterin\u00e1ria neurologia neurocirurgia oftalmologia ortopedia catarata conjuntivite oncologia resson\u00e2ncia magn\u00e9tica tomografia computorizada computadorizada radiologia digital cristina ribeiro jo\u00e3o ribeiro seruca ana rita serras pedro parreira pedro fachada enfermagem veterin\u00e1ria","og_url":"https:\/\/www.referenciaveterinaria.pt\/?page_id=2841","og_site_name":"Refer\u00eancia Veterin\u00e1ria","article_publisher":"https:\/\/www.facebook.com\/www.referenciaveterinaria.pt","article_modified_time":"2024-10-16T17:08:41+00:00","og_image":[{"width":1840,"height":1840,"url":"https:\/\/www.referenciaveterinaria.pt\/wp-content\/uploads\/2024\/08\/Rute-Amorim_1840x1840.jpeg","type":"image\/jpeg"}],"twitter_card":"summary_large_image","twitter_misc":{"Tempo estimado de leitura":"1 minuto"},"schema":{"@context":"https:\/\/schema.org","@graph":[{"@type":"WebPage","@id":"https:\/\/www.referenciaveterinaria.pt\/?page_id=2841","url":"https:\/\/www.referenciaveterinaria.pt\/?page_id=2841","name":"Enf.\u00aa Vet.\u00aa Rute Amorim - Refer\u00eancia Veterin\u00e1ria","isPartOf":{"@id":"https:\/\/www.referenciaveterinaria.pt\/#website"},"primaryImageOfPage":{"@id":"https:\/\/www.referenciaveterinaria.pt\/?page_id=2841#primaryimage"},"image":{"@id":"https:\/\/www.referenciaveterinaria.pt\/?page_id=2841#primaryimage"},"thumbnailUrl":"https:\/\/www.referenciaveterinaria.pt\/wp-content\/uploads\/2024\/08\/Rute-Amorim_1840x1840.jpeg","datePublished":"2024-08-02T12:02:41+00:00","dateModified":"2024-10-16T17:08:41+00:00","description":"Uma parceria especializada de refer\u00eancia entre m\u00e9dicos veterin\u00e1rios para a melhoria do n\u00edvel de servi\u00e7o aos seus clientes! veterin\u00e1ria neurologia neurocirurgia oftalmologia ortopedia catarata conjuntivite oncologia resson\u00e2ncia magn\u00e9tica tomografia computorizada computadorizada radiologia digital cristina ribeiro jo\u00e3o ribeiro seruca ana rita serras pedro parreira pedro fachada enfermagem veterin\u00e1ria","breadcrumb":{"@id":"https:\/\/www.referenciaveterinaria.pt\/?page_id=2841#breadcrumb"},"inLanguage":"pt-PT","potentialAction":[{"@type":"ReadAction","target":["https:\/\/www.referenciaveterinaria.pt\/?page_id=2841"]}]},{"@type":"ImageObject","inLanguage":"pt-PT","@id":"https:\/\/www.referenciaveterinaria.pt\/?page_id=2841#primaryimage","url":"https:\/\/www.referenciaveterinaria.pt\/wp-content\/uploads\/2024\/08\/Rute-Amorim_1840x1840.jpeg","contentUrl":"https:\/\/www.referenciaveterinaria.pt\/wp-content\/uploads\/2024\/08\/Rute-Amorim_1840x1840.jpeg","width":1840,"height":1840},{"@type":"BreadcrumbList","@id":"https:\/\/www.referenciaveterinaria.pt\/?page_id=2841#breadcrumb","itemListElement":[{"@type":"ListItem","position":1,"name":"In\u00edcio","item":"https:\/\/www.referenciaveterinaria.pt\/"},{"@type":"ListItem","position":2,"name":"Enf.\u00aa Vet.\u00aa Rute Amorim"}]},{"@type":"WebSite","@id":"https:\/\/www.referenciaveterinaria.pt\/#website","url":"https:\/\/www.referenciaveterinaria.pt\/","name":"Refer\u00eancia Veterin\u00e1ria","description":"Refer\u00eancia Veterin\u00e1ria","publisher":{"@id":"https:\/\/www.referenciaveterinaria.pt\/#organization"},"potentialAction":[{"@type":"SearchAction","target":{"@type":"EntryPoint","urlTemplate":"https:\/\/www.referenciaveterinaria.pt\/?s={search_term_string}"},"query-input":{"@type":"PropertyValueSpecification","valueRequired":true,"valueName":"search_term_string"}}],"inLanguage":"pt-PT"},{"@type":"Organization","@id":"https:\/\/www.referenciaveterinaria.pt\/#organization","name":"Refer\u00eancia Veterin\u00e1ria","url":"https:\/\/www.referenciaveterinaria.pt\/","logo":{"@type":"ImageObject","inLanguage":"pt-PT","@id":"https:\/\/www.referenciaveterinaria.pt\/#\/schema\/logo\/image\/","url":"https:\/\/www.referenciaveterinaria.pt\/wp-content\/uploads\/2019\/04\/Logotipo_3840x1540_CorPantone119c_897322_RGB137_115_34_hires_transp-1-e1556491362616.png","contentUrl":"https:\/\/www.referenciaveterinaria.pt\/wp-content\/uploads\/2019\/04\/Logotipo_3840x1540_CorPantone119c_897322_RGB137_115_34_hires_transp-1-e1556491362616.png","width":249,"height":100,"caption":"Refer\u00eancia Veterin\u00e1ria"},"image":{"@id":"https:\/\/www.referenciaveterinaria.pt\/#\/schema\/logo\/image\/"},"sameAs":["https:\/\/www.facebook.com\/www.referenciaveterinaria.pt"]}]}},"_links":{"self":[{"href":"https:\/\/www.referenciaveterinaria.pt\/index.php?rest_route=\/wp\/v2\/pages\/2841","targetHints":{"allow":["GET"]}}],"collection":[{"href":"https:\/\/www.referenciaveterinaria.pt\/index.php?rest_route=\/wp\/v2\/pages"}],"about":[{"href":"https:\/\/www.referenciaveterinaria.pt\/index.php?rest_route=\/wp\/v2\/types\/page"}],"author":[{"embeddable":true,"href":"https:\/\/www.referenciaveterinaria.pt\/index.php?rest_route=\/wp\/v2\/users\/4"}],"replies":[{"embeddable":true,"href":"https:\/\/www.referenciaveterinaria.pt\/index.php?rest_route=%2Fwp%2Fv2%2Fcomments&post=2841"}],"version-history":[{"count":6,"href":"https:\/\/www.referenciaveterinaria.pt\/index.php?rest_route=\/wp\/v2\/pages\/2841\/revisions"}],"predecessor-version":[{"id":2868,"href":"https:\/\/www.referenciaveterinaria.pt\/index.php?rest_route=\/wp\/v2\/pages\/2841\/revisions\/2868"}],"wp:attachment":[{"href":"https:\/\/www.referenciaveterinaria.pt\/index.php?rest_route=%2Fwp%2Fv2%2Fmedia&parent=2841"}],"curies":[{"name":"wp","href":"https:\/\/api.w.org\/{rel}","templated":true}]}}