{"id":291,"date":"2012-08-15T02:13:36","date_gmt":"2012-08-15T01:13:36","guid":{"rendered":"http:\/\/referenciaveterinaria.pt\/?page_id=291"},"modified":"2021-04-21T21:52:00","modified_gmt":"2021-04-21T21:52:00","slug":"dermatologia","status":"publish","type":"page","link":"https:\/\/www.referenciaveterinaria.pt\/?page_id=291","title":{"rendered":"Dermatologia"},"content":{"rendered":"<p>Al\u00e9m de funcionar como uma barreira entre o organismo e o meio ambiente, a pele \u00e9 o maior \u00f3rg\u00e3o do organismo, adquirindo uma import\u00e2ncia crucial em muitas manifesta\u00e7\u00f5es exteriores de algumas doen\u00e7as internas e na protec\u00e7\u00e3o contra agress\u00f5es oriundas do exterior.<\/p>\n<p>Servi\u00e7o de refer\u00eancia veterin\u00e1ria na especialidade de dermatologia, sujeito a disponibilidade e mediante marca\u00e7\u00e3o.<\/p>\n","protected":false},"excerpt":{"rendered":"<p>Al\u00e9m de funcionar como uma barreira entre o organismo e o meio ambiente, a pele \u00e9 o maior \u00f3rg\u00e3o do organismo, adquirindo uma import\u00e2ncia crucial em muitas manifesta\u00e7\u00f5es exteriores de algumas doen\u00e7as internas e na protec\u00e7\u00e3o contra agress\u00f5es oriundas do exterior. Servi\u00e7o de refer\u00eancia veterin\u00e1ria na especialidade de dermatologia, sujeito [&hellip;]<\/p>\n","protected":false},"author":4,"featured_media":2095,"parent":0,"menu_order":0,"comment_status":"closed","ping_status":"closed","template":"","meta":{"footnotes":""},"class_list":["post-291","page","type-page","status-publish","has-post-thumbnail","hentry"],"yoast_head":"<!-- This site is optimized with the Yoast SEO plugin v27.3 - https:\/\/yoast.com\/product\/yoast-seo-wordpress\/ -->\n<title>Dermatologia - Refer\u00eancia Veterin\u00e1ria<\/title>\n<meta name=\"description\" content=\"Uma parceria especializada de refer\u00eancia entre m\u00e9dicos veterin\u00e1rios para a melhoria do n\u00edvel de servi\u00e7o aos seus clientes! veterin\u00e1ria neurologia neurocirurgia oftalmologia ortopedia catarata conjuntivite oncologia resson\u00e2ncia magn\u00e9tica tomografia computorizada computadorizada radiologia digital cristina ribeiro jo\u00e3o ribeiro seruca ana rita serras pedro parreira pedro fachada enfermagem veterin\u00e1ria\" \/>\n<meta name=\"robots\" content=\"index, follow, max-snippet:-1, max-image-preview:large, max-video-preview:-1\" \/>\n<link rel=\"canonical\" href=\"https:\/\/www.referenciaveterinaria.pt\/?page_id=291\" \/>\n<meta property=\"og:locale\" content=\"pt_PT\" \/>\n<meta property=\"og:type\" content=\"article\" \/>\n<meta property=\"og:title\" content=\"Dermatologia - Refer\u00eancia Veterin\u00e1ria\" \/>\n<meta property=\"og:description\" content=\"Uma parceria especializada de refer\u00eancia entre m\u00e9dicos veterin\u00e1rios para a melhoria do n\u00edvel de servi\u00e7o aos seus clientes! veterin\u00e1ria neurologia neurocirurgia oftalmologia ortopedia catarata conjuntivite oncologia resson\u00e2ncia magn\u00e9tica tomografia computorizada computadorizada radiologia digital cristina ribeiro jo\u00e3o ribeiro seruca ana rita serras pedro parreira pedro fachada enfermagem veterin\u00e1ria\" \/>\n<meta property=\"og:url\" content=\"https:\/\/www.referenciaveterinaria.pt\/?page_id=291\" \/>\n<meta property=\"og:site_name\" content=\"Refer\u00eancia Veterin\u00e1ria\" \/>\n<meta property=\"article:publisher\" content=\"https:\/\/www.facebook.com\/www.referenciaveterinaria.pt\" \/>\n<meta property=\"article:modified_time\" content=\"2021-04-21T21:52:00+00:00\" \/>\n<meta property=\"og:image\" content=\"https:\/\/www.referenciaveterinaria.pt\/wp-content\/uploads\/2019\/05\/Base-sem-budas_Especialidade-Dermatologia_1200x300.png\" \/>\n\t<meta property=\"og:image:width\" content=\"1200\" \/>\n\t<meta property=\"og:image:height\" content=\"300\" \/>\n\t<meta property=\"og:image:type\" content=\"image\/png\" \/>\n<meta name=\"twitter:card\" content=\"summary_large_image\" \/>\n<meta name=\"twitter:label1\" content=\"Tempo estimado de leitura\" \/>\n\t<meta name=\"twitter:data1\" content=\"1 minuto\" \/>\n<script type=\"application\/ld+json\" class=\"yoast-schema-graph\">{\"@context\":\"https:\\\/\\\/schema.org\",\"@graph\":[{\"@type\":\"WebPage\",\"@id\":\"https:\\\/\\\/www.referenciaveterinaria.pt\\\/?page_id=291\",\"url\":\"https:\\\/\\\/www.referenciaveterinaria.pt\\\/?page_id=291\",\"name\":\"Dermatologia - Refer\u00eancia Veterin\u00e1ria\",\"isPartOf\":{\"@id\":\"https:\\\/\\\/www.referenciaveterinaria.pt\\\/#website\"},\"primaryImageOfPage\":{\"@id\":\"https:\\\/\\\/www.referenciaveterinaria.pt\\\/?page_id=291#primaryimage\"},\"image\":{\"@id\":\"https:\\\/\\\/www.referenciaveterinaria.pt\\\/?page_id=291#primaryimage\"},\"thumbnailUrl\":\"https:\\\/\\\/www.referenciaveterinaria.pt\\\/wp-content\\\/uploads\\\/2019\\\/05\\\/Base-sem-budas_Especialidade-Dermatologia_1200x300.png\",\"datePublished\":\"2012-08-15T01:13:36+00:00\",\"dateModified\":\"2021-04-21T21:52:00+00:00\",\"description\":\"Uma parceria especializada de refer\u00eancia entre m\u00e9dicos veterin\u00e1rios para a melhoria do n\u00edvel de servi\u00e7o aos seus clientes! veterin\u00e1ria neurologia neurocirurgia oftalmologia ortopedia catarata conjuntivite oncologia resson\u00e2ncia magn\u00e9tica tomografia computorizada computadorizada radiologia digital cristina ribeiro jo\u00e3o ribeiro seruca ana rita serras pedro parreira pedro fachada enfermagem veterin\u00e1ria\",\"breadcrumb\":{\"@id\":\"https:\\\/\\\/www.referenciaveterinaria.pt\\\/?page_id=291#breadcrumb\"},\"inLanguage\":\"pt-PT\",\"potentialAction\":[{\"@type\":\"ReadAction\",\"target\":[\"https:\\\/\\\/www.referenciaveterinaria.pt\\\/?page_id=291\"]}]},{\"@type\":\"ImageObject\",\"inLanguage\":\"pt-PT\",\"@id\":\"https:\\\/\\\/www.referenciaveterinaria.pt\\\/?page_id=291#primaryimage\",\"url\":\"https:\\\/\\\/www.referenciaveterinaria.pt\\\/wp-content\\\/uploads\\\/2019\\\/05\\\/Base-sem-budas_Especialidade-Dermatologia_1200x300.png\",\"contentUrl\":\"https:\\\/\\\/www.referenciaveterinaria.pt\\\/wp-content\\\/uploads\\\/2019\\\/05\\\/Base-sem-budas_Especialidade-Dermatologia_1200x300.png\",\"width\":1200,\"height\":300},{\"@type\":\"BreadcrumbList\",\"@id\":\"https:\\\/\\\/www.referenciaveterinaria.pt\\\/?page_id=291#breadcrumb\",\"itemListElement\":[{\"@type\":\"ListItem\",\"position\":1,\"name\":\"In\u00edcio\",\"item\":\"https:\\\/\\\/www.referenciaveterinaria.pt\\\/\"},{\"@type\":\"ListItem\",\"position\":2,\"name\":\"Dermatologia\"}]},{\"@type\":\"WebSite\",\"@id\":\"https:\\\/\\\/www.referenciaveterinaria.pt\\\/#website\",\"url\":\"https:\\\/\\\/www.referenciaveterinaria.pt\\\/\",\"name\":\"Refer\u00eancia Veterin\u00e1ria\",\"description\":\"Refer\u00eancia Veterin\u00e1ria\",\"publisher\":{\"@id\":\"https:\\\/\\\/www.referenciaveterinaria.pt\\\/#organization\"},\"potentialAction\":[{\"@type\":\"SearchAction\",\"target\":{\"@type\":\"EntryPoint\",\"urlTemplate\":\"https:\\\/\\\/www.referenciaveterinaria.pt\\\/?s={search_term_string}\"},\"query-input\":{\"@type\":\"PropertyValueSpecification\",\"valueRequired\":true,\"valueName\":\"search_term_string\"}}],\"inLanguage\":\"pt-PT\"},{\"@type\":\"Organization\",\"@id\":\"https:\\\/\\\/www.referenciaveterinaria.pt\\\/#organization\",\"name\":\"Refer\u00eancia Veterin\u00e1ria\",\"url\":\"https:\\\/\\\/www.referenciaveterinaria.pt\\\/\",\"logo\":{\"@type\":\"ImageObject\",\"inLanguage\":\"pt-PT\",\"@id\":\"https:\\\/\\\/www.referenciaveterinaria.pt\\\/#\\\/schema\\\/logo\\\/image\\\/\",\"url\":\"https:\\\/\\\/www.referenciaveterinaria.pt\\\/wp-content\\\/uploads\\\/2019\\\/04\\\/Logotipo_3840x1540_CorPantone119c_897322_RGB137_115_34_hires_transp-1-e1556491362616.png\",\"contentUrl\":\"https:\\\/\\\/www.referenciaveterinaria.pt\\\/wp-content\\\/uploads\\\/2019\\\/04\\\/Logotipo_3840x1540_CorPantone119c_897322_RGB137_115_34_hires_transp-1-e1556491362616.png\",\"width\":249,\"height\":100,\"caption\":\"Refer\u00eancia Veterin\u00e1ria\"},\"image\":{\"@id\":\"https:\\\/\\\/www.referenciaveterinaria.pt\\\/#\\\/schema\\\/logo\\\/image\\\/\"},\"sameAs\":[\"https:\\\/\\\/www.facebook.com\\\/www.referenciaveterinaria.pt\"]}]}<\/script>\n<!-- \/ Yoast SEO plugin. -->","yoast_head_json":{"title":"Dermatologia - Refer\u00eancia Veterin\u00e1ria","description":"Uma parceria especializada de refer\u00eancia entre m\u00e9dicos veterin\u00e1rios para a melhoria do n\u00edvel de servi\u00e7o aos seus clientes! veterin\u00e1ria neurologia neurocirurgia oftalmologia ortopedia catarata conjuntivite oncologia resson\u00e2ncia magn\u00e9tica tomografia computorizada computadorizada radiologia digital cristina ribeiro jo\u00e3o ribeiro seruca ana rita serras pedro parreira pedro fachada enfermagem veterin\u00e1ria","robots":{"index":"index","follow":"follow","max-snippet":"max-snippet:-1","max-image-preview":"max-image-preview:large","max-video-preview":"max-video-preview:-1"},"canonical":"https:\/\/www.referenciaveterinaria.pt\/?page_id=291","og_locale":"pt_PT","og_type":"article","og_title":"Dermatologia - Refer\u00eancia Veterin\u00e1ria","og_description":"Uma parceria especializada de refer\u00eancia entre m\u00e9dicos veterin\u00e1rios para a melhoria do n\u00edvel de servi\u00e7o aos seus clientes! veterin\u00e1ria neurologia neurocirurgia oftalmologia ortopedia catarata conjuntivite oncologia resson\u00e2ncia magn\u00e9tica tomografia computorizada computadorizada radiologia digital cristina ribeiro jo\u00e3o ribeiro seruca ana rita serras pedro parreira pedro fachada enfermagem veterin\u00e1ria","og_url":"https:\/\/www.referenciaveterinaria.pt\/?page_id=291","og_site_name":"Refer\u00eancia Veterin\u00e1ria","article_publisher":"https:\/\/www.facebook.com\/www.referenciaveterinaria.pt","article_modified_time":"2021-04-21T21:52:00+00:00","og_image":[{"width":1200,"height":300,"url":"https:\/\/www.referenciaveterinaria.pt\/wp-content\/uploads\/2019\/05\/Base-sem-budas_Especialidade-Dermatologia_1200x300.png","type":"image\/png"}],"twitter_card":"summary_large_image","twitter_misc":{"Tempo estimado de leitura":"1 minuto"},"schema":{"@context":"https:\/\/schema.org","@graph":[{"@type":"WebPage","@id":"https:\/\/www.referenciaveterinaria.pt\/?page_id=291","url":"https:\/\/www.referenciaveterinaria.pt\/?page_id=291","name":"Dermatologia - Refer\u00eancia Veterin\u00e1ria","isPartOf":{"@id":"https:\/\/www.referenciaveterinaria.pt\/#website"},"primaryImageOfPage":{"@id":"https:\/\/www.referenciaveterinaria.pt\/?page_id=291#primaryimage"},"image":{"@id":"https:\/\/www.referenciaveterinaria.pt\/?page_id=291#primaryimage"},"thumbnailUrl":"https:\/\/www.referenciaveterinaria.pt\/wp-content\/uploads\/2019\/05\/Base-sem-budas_Especialidade-Dermatologia_1200x300.png","datePublished":"2012-08-15T01:13:36+00:00","dateModified":"2021-04-21T21:52:00+00:00","description":"Uma parceria especializada de refer\u00eancia entre m\u00e9dicos veterin\u00e1rios para a melhoria do n\u00edvel de servi\u00e7o aos seus clientes! veterin\u00e1ria neurologia neurocirurgia oftalmologia ortopedia catarata conjuntivite oncologia resson\u00e2ncia magn\u00e9tica tomografia computorizada computadorizada radiologia digital cristina ribeiro jo\u00e3o ribeiro seruca ana rita serras pedro parreira pedro fachada enfermagem veterin\u00e1ria","breadcrumb":{"@id":"https:\/\/www.referenciaveterinaria.pt\/?page_id=291#breadcrumb"},"inLanguage":"pt-PT","potentialAction":[{"@type":"ReadAction","target":["https:\/\/www.referenciaveterinaria.pt\/?page_id=291"]}]},{"@type":"ImageObject","inLanguage":"pt-PT","@id":"https:\/\/www.referenciaveterinaria.pt\/?page_id=291#primaryimage","url":"https:\/\/www.referenciaveterinaria.pt\/wp-content\/uploads\/2019\/05\/Base-sem-budas_Especialidade-Dermatologia_1200x300.png","contentUrl":"https:\/\/www.referenciaveterinaria.pt\/wp-content\/uploads\/2019\/05\/Base-sem-budas_Especialidade-Dermatologia_1200x300.png","width":1200,"height":300},{"@type":"BreadcrumbList","@id":"https:\/\/www.referenciaveterinaria.pt\/?page_id=291#breadcrumb","itemListElement":[{"@type":"ListItem","position":1,"name":"In\u00edcio","item":"https:\/\/www.referenciaveterinaria.pt\/"},{"@type":"ListItem","position":2,"name":"Dermatologia"}]},{"@type":"WebSite","@id":"https:\/\/www.referenciaveterinaria.pt\/#website","url":"https:\/\/www.referenciaveterinaria.pt\/","name":"Refer\u00eancia Veterin\u00e1ria","description":"Refer\u00eancia Veterin\u00e1ria","publisher":{"@id":"https:\/\/www.referenciaveterinaria.pt\/#organization"},"potentialAction":[{"@type":"SearchAction","target":{"@type":"EntryPoint","urlTemplate":"https:\/\/www.referenciaveterinaria.pt\/?s={search_term_string}"},"query-input":{"@type":"PropertyValueSpecification","valueRequired":true,"valueName":"search_term_string"}}],"inLanguage":"pt-PT"},{"@type":"Organization","@id":"https:\/\/www.referenciaveterinaria.pt\/#organization","name":"Refer\u00eancia Veterin\u00e1ria","url":"https:\/\/www.referenciaveterinaria.pt\/","logo":{"@type":"ImageObject","inLanguage":"pt-PT","@id":"https:\/\/www.referenciaveterinaria.pt\/#\/schema\/logo\/image\/","url":"https:\/\/www.referenciaveterinaria.pt\/wp-content\/uploads\/2019\/04\/Logotipo_3840x1540_CorPantone119c_897322_RGB137_115_34_hires_transp-1-e1556491362616.png","contentUrl":"https:\/\/www.referenciaveterinaria.pt\/wp-content\/uploads\/2019\/04\/Logotipo_3840x1540_CorPantone119c_897322_RGB137_115_34_hires_transp-1-e1556491362616.png","width":249,"height":100,"caption":"Refer\u00eancia Veterin\u00e1ria"},"image":{"@id":"https:\/\/www.referenciaveterinaria.pt\/#\/schema\/logo\/image\/"},"sameAs":["https:\/\/www.facebook.com\/www.referenciaveterinaria.pt"]}]}},"_links":{"self":[{"href":"https:\/\/www.referenciaveterinaria.pt\/index.php?rest_route=\/wp\/v2\/pages\/291","targetHints":{"allow":["GET"]}}],"collection":[{"href":"https:\/\/www.referenciaveterinaria.pt\/index.php?rest_route=\/wp\/v2\/pages"}],"about":[{"href":"https:\/\/www.referenciaveterinaria.pt\/index.php?rest_route=\/wp\/v2\/types\/page"}],"author":[{"embeddable":true,"href":"https:\/\/www.referenciaveterinaria.pt\/index.php?rest_route=\/wp\/v2\/users\/4"}],"replies":[{"embeddable":true,"href":"https:\/\/www.referenciaveterinaria.pt\/index.php?rest_route=%2Fwp%2Fv2%2Fcomments&post=291"}],"version-history":[{"count":6,"href":"https:\/\/www.referenciaveterinaria.pt\/index.php?rest_route=\/wp\/v2\/pages\/291\/revisions"}],"predecessor-version":[{"id":2123,"href":"https:\/\/www.referenciaveterinaria.pt\/index.php?rest_route=\/wp\/v2\/pages\/291\/revisions\/2123"}],"wp:featuredmedia":[{"embeddable":true,"href":"https:\/\/www.referenciaveterinaria.pt\/index.php?rest_route=\/wp\/v2\/media\/2095"}],"wp:attachment":[{"href":"https:\/\/www.referenciaveterinaria.pt\/index.php?rest_route=%2Fwp%2Fv2%2Fmedia&parent=291"}],"curies":[{"name":"wp","href":"https:\/\/api.w.org\/{rel}","templated":true}]}}